{"id":86,"date":"2018-05-16T11:02:01","date_gmt":"2018-05-16T09:02:01","guid":{"rendered":"https:\/\/xn--chalet-nol-57a.fr\/?page_id=86"},"modified":"2018-08-27T11:06:50","modified_gmt":"2018-08-27T09:06:50","slug":"tarifs","status":"publish","type":"page","link":"https:\/\/xn--chalet-nol-57a.fr\/index.php\/tarifs\/","title":{"rendered":"Tarifs de nos chalets de no\u00ebl"},"content":{"rendered":"\t\t<div data-elementor-type=\"wp-page\" data-elementor-id=\"86\" class=\"elementor elementor-86 elementor-bc-flex-widget\">\n\t\t\t\t\t\t\t\t\t<section class=\"elementor-section elementor-top-section elementor-element elementor-element-2c4a727 elementor-section-boxed elementor-section-height-default elementor-section-height-default\" data-id=\"2c4a727\" data-element_type=\"section\">\n\t\t\t\t\t\t<div class=\"elementor-container elementor-column-gap-default\">\n\t\t\t\t\t<div class=\"elementor-column elementor-col-100 elementor-top-column elementor-element elementor-element-61b92dd0\" data-id=\"61b92dd0\" data-element_type=\"column\">\n\t\t\t<div class=\"elementor-widget-wrap elementor-element-populated\">\n\t\t\t\t\t\t\t\t<section class=\"elementor-section elementor-inner-section elementor-element elementor-element-b70d47d elementor-section-boxed elementor-section-height-default elementor-section-height-default\" data-id=\"b70d47d\" data-element_type=\"section\">\n\t\t\t\t\t\t<div class=\"elementor-container elementor-column-gap-default\">\n\t\t\t\t\t<div class=\"elementor-column elementor-col-50 elementor-inner-column elementor-element elementor-element-4d5e46e\" data-id=\"4d5e46e\" data-element_type=\"column\">\n\t\t\t<div class=\"elementor-widget-wrap elementor-element-populated\">\n\t\t\t\t\t\t\t\t<div class=\"elementor-element elementor-element-1f64524 elementor-widget elementor-widget-heading\" data-id=\"1f64524\" data-element_type=\"widget\" data-widget_type=\"heading.default\">\n\t\t\t\t<div class=\"elementor-widget-container\">\n\t\t\t<h2 class=\"elementor-heading-title elementor-size-default\"><p style=\"color: rgb(122, 122, 122); font-size: 16px; font-weight: 400; white-space: normal; padding-left: 180px;\"><span style=\"color: rgb(0, 0, 0); font-size: 24px;\"><span style=\"font-weight: 700;\">Nos tarifs :<\/span><\/span><\/p><p style=\"color: rgb(122, 122, 122); font-size: 16px; font-weight: 400; white-space: normal; padding-left: 30px;\"><span style=\"color: rgb(0, 0, 0);\">Les chalets standard sont \u00e0 partir de 1490\u20ac H.T.<\/span><\/p><p style=\"color: rgb(122, 122, 122); font-size: 16px; font-weight: 400; white-space: normal; padding-left: 30px;\"><span style=\"color: rgb(0, 0, 0);\"><span style=\"font-weight: 700;\">Location adaptable:<\/span><\/span><\/p><ul style=\"color: rgb(122, 122, 122); white-space: normal; text-align: justify;\"><li style=\"text-align: left;\"><span style=\"color: rgb(0, 0, 0);\">Journ\u00e9e<\/span><\/li><li style=\"text-align: left;\"><span style=\"color: rgb(0, 0, 0);\">Weekend<\/span><\/li><li style=\"text-align: left;\"><span style=\"color: rgb(0, 0, 0);\">Semaine<\/span><\/li><li style=\"text-align: left;\"><span style=\"color: rgb(0, 0, 0);\">mois<\/span><\/li><li style=\"text-align: left;\"><span style=\"color: rgb(0, 0, 0);\">Toute dur\u00e9e<\/span><\/li><\/ul><p style=\"color: rgb(122, 122, 122); font-size: 16px; font-weight: 400; white-space: normal; padding-left: 30px;\"><span style=\"color: rgb(0, 0, 0);\"><span style=\"font-weight: 700;\">Les options :<\/span><\/span><\/p><p style=\"color: rgb(122, 122, 122); font-size: 16px; font-weight: 400; white-space: normal; padding-left: 30px;\"><span style=\"color: rgb(0, 0, 0);\">Plusieurs option s\u2019offre a vous&nbsp;:<\/span><\/p><ul style=\"color: rgb(122, 122, 122); white-space: normal;\"><li style=\"text-align: left;\"><span style=\"color: rgb(0, 0, 0);\">Electricit\u00e9<\/span><\/li><li style=\"text-align: left;\"><span style=\"color: rgb(0, 0, 0);\">Chauffage<\/span><br><\/li><li style=\"text-align: left;\"><span style=\"color: rgb(0, 0, 0);\">Eclairage ( LED )&nbsp;<\/span><\/li><li style=\"text-align: left;\"><span style=\"color: rgb(0, 0, 0);\">ETC\u2026<\/span><\/li><li style=\"text-align: left;\"><span style=\"color: rgb(0, 0, 0);\">Voir projets a la demande<\/span><\/li><\/ul><\/h2>\t\t<\/div>\n\t\t\t\t<\/div>\n\t\t\t\t\t<\/div>\n\t\t<\/div>\n\t\t\t\t<div class=\"elementor-column elementor-col-50 elementor-inner-column elementor-element elementor-element-13651f1\" data-id=\"13651f1\" data-element_type=\"column\">\n\t\t\t<div class=\"elementor-widget-wrap elementor-element-populated\">\n\t\t\t\t\t\t\t\t<div class=\"elementor-element elementor-element-b08af29 elementor-widget elementor-widget-image\" data-id=\"b08af29\" data-element_type=\"widget\" data-widget_type=\"image.default\">\n\t\t\t\t<div class=\"elementor-widget-container\">\n\t\t\t\t\t\t\t\t\t\t\t\t<figure class=\"wp-caption\">\n\t\t\t\t\t\t\t\t\t\t\t<a href=\"https:\/\/xn--chalet-nol-57a.fr\/wp-content\/uploads\/2018\/07\/sarlat-23.jpg\" data-elementor-open-lightbox=\"no\">\n\t\t\t\t\t\t\t<img decoding=\"async\" loading=\"lazy\" width=\"640\" height=\"480\" src=\"https:\/\/xn--chalet-nol-57a.fr\/wp-content\/uploads\/2018\/07\/sarlat-23-1024x768.jpg\" class=\"attachment-large size-large wp-image-610\" alt=\"\" srcset=\"https:\/\/xn--chalet-nol-57a.fr\/wp-content\/uploads\/2018\/07\/sarlat-23-1024x768.jpg 1024w, https:\/\/xn--chalet-nol-57a.fr\/wp-content\/uploads\/2018\/07\/sarlat-23-300x225.jpg 300w, https:\/\/xn--chalet-nol-57a.fr\/wp-content\/uploads\/2018\/07\/sarlat-23-768x576.jpg 768w\" sizes=\"(max-width: 640px) 100vw, 640px\" \/>\t\t\t\t\t\t\t\t<\/a>\n\t\t\t\t\t\t\t\t\t\t\t<figcaption class=\"widget-image-caption wp-caption-text\">March\u00e9 de No\u00ebl Sarlat 2016<\/figcaption>\n\t\t\t\t\t\t\t\t\t\t<\/figure>\n\t\t\t\t\t\t\t\t\t<\/div>\n\t\t\t\t<\/div>\n\t\t\t\t<div class=\"elementor-element elementor-element-3fec75c elementor-widget elementor-widget-image\" data-id=\"3fec75c\" data-element_type=\"widget\" data-widget_type=\"image.default\">\n\t\t\t\t<div class=\"elementor-widget-container\">\n\t\t\t\t\t\t\t\t\t\t\t\t<figure class=\"wp-caption\">\n\t\t\t\t\t\t\t\t\t\t\t<a href=\"https:\/\/xn--chalet-nol-57a.fr\/wp-content\/uploads\/2018\/05\/guingette_amrique_du_sud.jpg-Gen\u00e9ve-min-e1531059020612.jpg\" data-elementor-open-lightbox=\"yes\" data-elementor-lightbox-title=\"guingette_amrique_du_sud.jpg Gen\u00e9ve-min\" data-e-action-hash=\"#elementor-action%3Aaction%3Dlightbox%26settings%3DeyJpZCI6MjAyLCJ1cmwiOiJodHRwczpcL1wveG4tLWNoYWxldC1ub2wtNTdhLmZyXC93cC1jb250ZW50XC91cGxvYWRzXC8yMDE4XC8wNVwvZ3VpbmdldHRlX2FtcmlxdWVfZHVfc3VkLmpwZy1HZW5cdTAwZTl2ZS1taW4tZTE1MzEwNTkwMjA2MTIuanBnIn0%3D\">\n\t\t\t\t\t\t\t<img decoding=\"async\" loading=\"lazy\" width=\"640\" height=\"425\" src=\"https:\/\/xn--chalet-nol-57a.fr\/wp-content\/uploads\/2018\/05\/guingette_amrique_du_sud.jpg-Gen\u00e9ve-min-e1531059020612-1024x680.jpg\" class=\"attachment-large size-large wp-image-202\" alt=\"\" srcset=\"https:\/\/xn--chalet-nol-57a.fr\/wp-content\/uploads\/2018\/05\/guingette_amrique_du_sud.jpg-Gen\u00e9ve-min-e1531059020612.jpg 1024w, https:\/\/xn--chalet-nol-57a.fr\/wp-content\/uploads\/2018\/05\/guingette_amrique_du_sud.jpg-Gen\u00e9ve-min-e1531059020612-300x199.jpg 300w, https:\/\/xn--chalet-nol-57a.fr\/wp-content\/uploads\/2018\/05\/guingette_amrique_du_sud.jpg-Gen\u00e9ve-min-e1531059020612-768x510.jpg 768w\" sizes=\"(max-width: 640px) 100vw, 640px\" \/>\t\t\t\t\t\t\t\t<\/a>\n\t\t\t\t\t\t\t\t\t\t\t<figcaption class=\"widget-image-caption wp-caption-text\">Guinguette Am\u00e9rique du sud Gen\u00e8ve<\/figcaption>\n\t\t\t\t\t\t\t\t\t\t<\/figure>\n\t\t\t\t\t\t\t\t\t<\/div>\n\t\t\t\t<\/div>\n\t\t\t\t\t<\/div>\n\t\t<\/div>\n\t\t\t\t\t\t\t<\/div>\n\t\t<\/section>\n\t\t\t\t<div class=\"elementor-element elementor-element-735b337a elementor-widget elementor-widget-text-editor\" data-id=\"735b337a\" data-element_type=\"widget\" data-widget_type=\"text-editor.default\">\n\t\t\t\t<div class=\"elementor-widget-container\">\n\t\t\t\t\t\t\t\t\t\t\t\t\t<\/div>\n\t\t\t\t<\/div>\n\t\t\t\t\t<\/div>\n\t\t<\/div>\n\t\t\t\t\t\t\t<\/div>\n\t\t<\/section>\n\t\t\t\t\t\t\t<\/div>\n\t\t","protected":false},"excerpt":{"rendered":"<p>Nos tarifs : Les chalets standard sont \u00e0 partir de 1490\u20ac H.T. Location adaptable: Journ\u00e9e Weekend Semaine mois Toute dur\u00e9e Les options : Plusieurs option s\u2019offre a vous&nbsp;: Electricit\u00e9 Chauffage Eclairage ( LED )&nbsp; ETC\u2026 Voir projets a la demande March\u00e9 de No\u00ebl Sarlat 2016 Guinguette Am\u00e9rique du sud Gen\u00e8ve<\/p>\n","protected":false},"author":1,"featured_media":0,"parent":0,"menu_order":0,"comment_status":"closed","ping_status":"closed","template":"","meta":{"sfsi_plus_gutenberg_text_before_share":"","sfsi_plus_gutenberg_show_text_before_share":"","sfsi_plus_gutenberg_icon_type":"","sfsi_plus_gutenberg_icon_alignemt":"","sfsi_plus_gutenburg_max_per_row":"","footnotes":""},"yoast_head":"<!-- This site is optimized with the Yoast SEO plugin v17.1 - https:\/\/yoast.com\/wordpress\/plugins\/seo\/ -->\n<title>Tarifs des chalets de no\u00ebl standard en vente et location<\/title>\n<meta name=\"description\" content=\"La location \u00e0 une dur\u00e9e adaptable, comme les options d&#039;\u00e9quipements pour le chalets qui sont enti\u00e8rement personnalisable et adaptable.\" \/>\n<meta name=\"robots\" content=\"index, follow, max-snippet:-1, max-image-preview:large, max-video-preview:-1\" \/>\n<link rel=\"canonical\" href=\"https:\/\/xn--chalet-nol-57a.fr\/index.php\/tarifs\/\" \/>\n<meta property=\"og:locale\" content=\"fr_FR\" \/>\n<meta property=\"og:type\" content=\"article\" \/>\n<meta property=\"og:title\" content=\"Tarifs des chalets de no\u00ebl standard en vente et location\" \/>\n<meta property=\"og:description\" content=\"La location \u00e0 une dur\u00e9e adaptable, comme les options d&#039;\u00e9quipements pour le chalets qui sont enti\u00e8rement personnalisable et adaptable.\" \/>\n<meta property=\"og:url\" content=\"https:\/\/xn--chalet-nol-57a.fr\/index.php\/tarifs\/\" \/>\n<meta property=\"og:site_name\" content=\"EVOLUE BOIS\" \/>\n<meta property=\"article:publisher\" content=\"https:\/\/www.facebook.com\/Evolue%20bois\" \/>\n<meta property=\"article:modified_time\" content=\"2018-08-27T09:06:50+00:00\" \/>\n<meta property=\"og:image\" content=\"https:\/\/xn--chalet-nol-57a.fr\/wp-content\/uploads\/2018\/07\/sarlat-23-1024x768.jpg\" \/>\n<meta name=\"twitter:card\" content=\"summary_large_image\" \/>\n<script type=\"application\/ld+json\" class=\"yoast-schema-graph\">{\"@context\":\"https:\/\/schema.org\",\"@graph\":[{\"@type\":\"Organization\",\"@id\":\"https:\/\/xn--chalet-nol-57a.fr\/#organization\",\"name\":\"EVOLUE BOIS\",\"url\":\"https:\/\/xn--chalet-nol-57a.fr\/\",\"sameAs\":[\"https:\/\/www.facebook.com\/Evolue bois\"],\"logo\":{\"@type\":\"ImageObject\",\"@id\":\"https:\/\/xn--chalet-nol-57a.fr\/#logo\",\"inLanguage\":\"fr-FR\",\"url\":\"https:\/\/xn--chalet-nol-57a.fr\/wp-content\/uploads\/2018\/05\/logo1-e1527706006592.png\",\"contentUrl\":\"https:\/\/xn--chalet-nol-57a.fr\/wp-content\/uploads\/2018\/05\/logo1-e1527706006592.png\",\"width\":210,\"height\":107,\"caption\":\"EVOLUE BOIS\"},\"image\":{\"@id\":\"https:\/\/xn--chalet-nol-57a.fr\/#logo\"}},{\"@type\":\"WebSite\",\"@id\":\"https:\/\/xn--chalet-nol-57a.fr\/#website\",\"url\":\"https:\/\/xn--chalet-nol-57a.fr\/\",\"name\":\"EVOLUE BOIS\",\"description\":\"Vente et location de chalets de No\\u00ebl\",\"publisher\":{\"@id\":\"https:\/\/xn--chalet-nol-57a.fr\/#organization\"},\"potentialAction\":[{\"@type\":\"SearchAction\",\"target\":{\"@type\":\"EntryPoint\",\"urlTemplate\":\"https:\/\/xn--chalet-nol-57a.fr\/?s={search_term_string}\"},\"query-input\":\"required name=search_term_string\"}],\"inLanguage\":\"fr-FR\"},{\"@type\":\"ImageObject\",\"@id\":\"https:\/\/xn--chalet-nol-57a.fr\/index.php\/tarifs\/#primaryimage\",\"inLanguage\":\"fr-FR\",\"url\":\"https:\/\/xn--chalet-nol-57a.fr\/wp-content\/uploads\/2018\/07\/sarlat-23.jpg\",\"contentUrl\":\"https:\/\/xn--chalet-nol-57a.fr\/wp-content\/uploads\/2018\/07\/sarlat-23.jpg\",\"width\":\"4000\",\"height\":\"3000\"},{\"@type\":\"WebPage\",\"@id\":\"https:\/\/xn--chalet-nol-57a.fr\/index.php\/tarifs\/#webpage\",\"url\":\"https:\/\/xn--chalet-nol-57a.fr\/index.php\/tarifs\/\",\"name\":\"Tarifs des chalets de no\\u00ebl standard en vente et location\",\"isPartOf\":{\"@id\":\"https:\/\/xn--chalet-nol-57a.fr\/#website\"},\"primaryImageOfPage\":{\"@id\":\"https:\/\/xn--chalet-nol-57a.fr\/index.php\/tarifs\/#primaryimage\"},\"datePublished\":\"2018-05-16T09:02:01+00:00\",\"dateModified\":\"2018-08-27T09:06:50+00:00\",\"description\":\"La location \\u00e0 une dur\\u00e9e adaptable, comme les options d'\\u00e9quipements pour le chalets qui sont enti\\u00e8rement personnalisable et adaptable.\",\"breadcrumb\":{\"@id\":\"https:\/\/xn--chalet-nol-57a.fr\/index.php\/tarifs\/#breadcrumb\"},\"inLanguage\":\"fr-FR\",\"potentialAction\":[{\"@type\":\"ReadAction\",\"target\":[\"https:\/\/xn--chalet-nol-57a.fr\/index.php\/tarifs\/\"]}]},{\"@type\":\"BreadcrumbList\",\"@id\":\"https:\/\/xn--chalet-nol-57a.fr\/index.php\/tarifs\/#breadcrumb\",\"itemListElement\":[{\"@type\":\"ListItem\",\"position\":1,\"name\":\"Accueil\",\"item\":\"https:\/\/xn--chalet-nol-57a.fr\/\"},{\"@type\":\"ListItem\",\"position\":2,\"name\":\"Tarifs de nos chalets de no\\u00ebl\"}]}]}<\/script>\n<!-- \/ Yoast SEO plugin. -->","yoast_head_json":{"title":"Tarifs des chalets de no\u00ebl standard en vente et location","description":"La location \u00e0 une dur\u00e9e adaptable, comme les options d'\u00e9quipements pour le chalets qui sont enti\u00e8rement personnalisable et adaptable.","robots":{"index":"index","follow":"follow","max-snippet":"max-snippet:-1","max-image-preview":"max-image-preview:large","max-video-preview":"max-video-preview:-1"},"canonical":"https:\/\/xn--chalet-nol-57a.fr\/index.php\/tarifs\/","og_locale":"fr_FR","og_type":"article","og_title":"Tarifs des chalets de no\u00ebl standard en vente et location","og_description":"La location \u00e0 une dur\u00e9e adaptable, comme les options d'\u00e9quipements pour le chalets qui sont enti\u00e8rement personnalisable et adaptable.","og_url":"https:\/\/xn--chalet-nol-57a.fr\/index.php\/tarifs\/","og_site_name":"EVOLUE BOIS","article_publisher":"https:\/\/www.facebook.com\/Evolue%20bois","article_modified_time":"2018-08-27T09:06:50+00:00","og_image":[{"url":"https:\/\/xn--chalet-nol-57a.fr\/wp-content\/uploads\/2018\/07\/sarlat-23-1024x768.jpg"}],"twitter_card":"summary_large_image","schema":{"@context":"https:\/\/schema.org","@graph":[{"@type":"Organization","@id":"https:\/\/xn--chalet-nol-57a.fr\/#organization","name":"EVOLUE BOIS","url":"https:\/\/xn--chalet-nol-57a.fr\/","sameAs":["https:\/\/www.facebook.com\/Evolue bois"],"logo":{"@type":"ImageObject","@id":"https:\/\/xn--chalet-nol-57a.fr\/#logo","inLanguage":"fr-FR","url":"https:\/\/xn--chalet-nol-57a.fr\/wp-content\/uploads\/2018\/05\/logo1-e1527706006592.png","contentUrl":"https:\/\/xn--chalet-nol-57a.fr\/wp-content\/uploads\/2018\/05\/logo1-e1527706006592.png","width":210,"height":107,"caption":"EVOLUE BOIS"},"image":{"@id":"https:\/\/xn--chalet-nol-57a.fr\/#logo"}},{"@type":"WebSite","@id":"https:\/\/xn--chalet-nol-57a.fr\/#website","url":"https:\/\/xn--chalet-nol-57a.fr\/","name":"EVOLUE BOIS","description":"Vente et location de chalets de No\u00ebl","publisher":{"@id":"https:\/\/xn--chalet-nol-57a.fr\/#organization"},"potentialAction":[{"@type":"SearchAction","target":{"@type":"EntryPoint","urlTemplate":"https:\/\/xn--chalet-nol-57a.fr\/?s={search_term_string}"},"query-input":"required name=search_term_string"}],"inLanguage":"fr-FR"},{"@type":"ImageObject","@id":"https:\/\/xn--chalet-nol-57a.fr\/index.php\/tarifs\/#primaryimage","inLanguage":"fr-FR","url":"https:\/\/xn--chalet-nol-57a.fr\/wp-content\/uploads\/2018\/07\/sarlat-23.jpg","contentUrl":"https:\/\/xn--chalet-nol-57a.fr\/wp-content\/uploads\/2018\/07\/sarlat-23.jpg","width":"4000","height":"3000"},{"@type":"WebPage","@id":"https:\/\/xn--chalet-nol-57a.fr\/index.php\/tarifs\/#webpage","url":"https:\/\/xn--chalet-nol-57a.fr\/index.php\/tarifs\/","name":"Tarifs des chalets de no\u00ebl standard en vente et location","isPartOf":{"@id":"https:\/\/xn--chalet-nol-57a.fr\/#website"},"primaryImageOfPage":{"@id":"https:\/\/xn--chalet-nol-57a.fr\/index.php\/tarifs\/#primaryimage"},"datePublished":"2018-05-16T09:02:01+00:00","dateModified":"2018-08-27T09:06:50+00:00","description":"La location \u00e0 une dur\u00e9e adaptable, comme les options d'\u00e9quipements pour le chalets qui sont enti\u00e8rement personnalisable et adaptable.","breadcrumb":{"@id":"https:\/\/xn--chalet-nol-57a.fr\/index.php\/tarifs\/#breadcrumb"},"inLanguage":"fr-FR","potentialAction":[{"@type":"ReadAction","target":["https:\/\/xn--chalet-nol-57a.fr\/index.php\/tarifs\/"]}]},{"@type":"BreadcrumbList","@id":"https:\/\/xn--chalet-nol-57a.fr\/index.php\/tarifs\/#breadcrumb","itemListElement":[{"@type":"ListItem","position":1,"name":"Accueil","item":"https:\/\/xn--chalet-nol-57a.fr\/"},{"@type":"ListItem","position":2,"name":"Tarifs de nos chalets de no\u00ebl"}]}]}},"_links":{"self":[{"href":"https:\/\/xn--chalet-nol-57a.fr\/index.php\/wp-json\/wp\/v2\/pages\/86"}],"collection":[{"href":"https:\/\/xn--chalet-nol-57a.fr\/index.php\/wp-json\/wp\/v2\/pages"}],"about":[{"href":"https:\/\/xn--chalet-nol-57a.fr\/index.php\/wp-json\/wp\/v2\/types\/page"}],"author":[{"embeddable":true,"href":"https:\/\/xn--chalet-nol-57a.fr\/index.php\/wp-json\/wp\/v2\/users\/1"}],"replies":[{"embeddable":true,"href":"https:\/\/xn--chalet-nol-57a.fr\/index.php\/wp-json\/wp\/v2\/comments?post=86"}],"version-history":[{"count":24,"href":"https:\/\/xn--chalet-nol-57a.fr\/index.php\/wp-json\/wp\/v2\/pages\/86\/revisions"}],"predecessor-version":[{"id":740,"href":"https:\/\/xn--chalet-nol-57a.fr\/index.php\/wp-json\/wp\/v2\/pages\/86\/revisions\/740"}],"wp:attachment":[{"href":"https:\/\/xn--chalet-nol-57a.fr\/index.php\/wp-json\/wp\/v2\/media?parent=86"}],"curies":[{"name":"wp","href":"https:\/\/api.w.org\/{rel}","templated":true}]}}