{"id":51,"date":"2018-05-16T10:00:28","date_gmt":"2018-05-16T08:00:28","guid":{"rendered":"https:\/\/xn--chalet-nol-57a.fr\/?page_id=51"},"modified":"2018-09-17T19:28:52","modified_gmt":"2018-09-17T17:28:52","slug":"vente-location","status":"publish","type":"page","link":"https:\/\/xn--chalet-nol-57a.fr\/index.php\/vente-location\/","title":{"rendered":"Chalet de No\u00ebl en Location ou Vente"},"content":{"rendered":"<h2 style=\"text-align: center;\"><span style=\"font-size: 24px; color: #000000;\"><strong>Boutiques, Structures en Bois pour Foire, Centre Commercial et March\u00e9<\/strong><\/span><\/h2>\n<h2 style=\"text-align: center;\"><span style=\"font-size: 14px;\"><strong><span style=\"color: #000000;\">Nous fabriquons et vendons des chalets de No\u00ebl, nous vous proposons :<\/span><\/strong><\/span><\/h2>\n<h3><\/h3>\n<p><a style=\"color: #000000;\" href=\"https:\/\/xn--chalet-nol-57a.fr\/index.php\/vente-location\/dscn0314-min\/\"><img decoding=\"async\" loading=\"lazy\" class=\"entrep\u00f4t chalets Evolue Bois alignright wp-image-190\" src=\"https:\/\/xn--chalet-nol-57a.fr\/wp-content\/uploads\/2018\/05\/DSCN0314-min-e1527279661570-300x296.jpg\" alt=\"entrep\u00f4t chalets Evolue Bois\" width=\"358\" height=\"353\" srcset=\"https:\/\/xn--chalet-nol-57a.fr\/wp-content\/uploads\/2018\/05\/DSCN0314-min-e1527279661570-300x296.jpg 300w, https:\/\/xn--chalet-nol-57a.fr\/wp-content\/uploads\/2018\/05\/DSCN0314-min-e1527279661570-768x758.jpg 768w, https:\/\/xn--chalet-nol-57a.fr\/wp-content\/uploads\/2018\/05\/DSCN0314-min-e1527279661570-1024x1011.jpg 1024w, https:\/\/xn--chalet-nol-57a.fr\/wp-content\/uploads\/2018\/05\/DSCN0314-min-e1527279661570-750x740.jpg 750w\" sizes=\"(max-width: 358px) 100vw, 358px\" \/><\/a><\/p>\n<p style=\"text-align: left; padding-left: 30px;\"><span style=\"color: #000000;\"><span style=\"font-size: 20px;\">Tout d&#8217;abord la vente des chalets qui \u00e0 l&#8217;achat sont neuf ou d&#8217;occasion et la location de chalets de m\u00eame que le transport avec montage puis enfin le d\u00e9montage qui sont compris<\/span><br \/>\n<\/span><\/p>\n<h4><span style=\"color: #000000;\"><u>location<\/u><\/span><\/h4>\n<p><span style=\"color: #000000;\">Louer un chalet devient tr\u00e8s simple, vous d\u00e9l\u00e9guez la t\u00e2che \u00e0 une \u00e9quipe de professionnel qui se charge de tout avant et apr\u00e8s l&#8217;\u00e9v\u00e9nement\u00a0:<\/span><\/p>\n<p><span style=\"color: #000000;\">Un service clef-en-main global: <\/span><\/p>\n<p><span style=\"color: #000000;\">Avec transport compris en camion semi-remorque couvrant toute la France, montage et d\u00e9montage des chalets inclus et fourniture si besoin de chariot \u00e9l\u00e9vateur.<\/span><\/p>\n<p>&nbsp;<\/p>\n<p style=\"padding-left: 30px;\"><span style=\"color: #000000;\"><strong>Notre logistique vente &#8211; location<\/strong>\u00a0:\u00a0<\/span><\/p>\n<ul>\n<li><span style=\"color: #000000;\">Les dates de montage et d\u00e9montage sont \u00e0 votre convenance.<\/span><\/li>\n<li><span style=\"color: #000000;\">Nous nous adaptons \u00e0 tous vos projets du d\u00e9but \u00e0 la fin.<\/span><\/li>\n<li><span style=\"color: #000000;\">Nos chalet sont enti\u00e8rement personnalisable enfin, ils peuvent \u00eatre \u00e9quiper d&#8217;options comme l&#8217;\u00e9lectricit\u00e9, de chauffage&#8230;\u00a0<\/span><\/li>\n<\/ul>\n<p>&nbsp;<\/p>\n<p><a href=\"https:\/\/xn--chalet-nol-57a.fr\/index.php\/chalets-de-noel\/guingette_amrique_du_sud_2-jpg-geneve-min\/\" rel=\"attachment wp-att-203\"><img decoding=\"async\" loading=\"lazy\" class=\"march\u00e9 chalets Evolue Bois wp-image-203 alignleft\" title=\"march\u00e9 chalets Evolue Bois\" src=\"https:\/\/xn--chalet-nol-57a.fr\/wp-content\/uploads\/2018\/05\/guingette_amrique_du_sud_2.jpg-Gen\u00e9ve-min-e1531140928195-300x199.jpg\" alt=\"march\u00e9 chalets Evolue Bois\" width=\"369\" height=\"245\" srcset=\"https:\/\/xn--chalet-nol-57a.fr\/wp-content\/uploads\/2018\/05\/guingette_amrique_du_sud_2.jpg-Gen\u00e9ve-min-e1531140928195-300x199.jpg 300w, https:\/\/xn--chalet-nol-57a.fr\/wp-content\/uploads\/2018\/05\/guingette_amrique_du_sud_2.jpg-Gen\u00e9ve-min-e1531140928195-768x510.jpg 768w, https:\/\/xn--chalet-nol-57a.fr\/wp-content\/uploads\/2018\/05\/guingette_amrique_du_sud_2.jpg-Gen\u00e9ve-min-e1531140928195-750x500.jpg 750w, https:\/\/xn--chalet-nol-57a.fr\/wp-content\/uploads\/2018\/05\/guingette_amrique_du_sud_2.jpg-Gen\u00e9ve-min-e1531140928195.jpg 1020w\" sizes=\"(max-width: 369px) 100vw, 369px\" \/><\/a><\/p>\n<h4 class=\"wpb_call_text\" style=\"text-align: center;\"><span style=\"color: #000000; font-size: 20px;\">Pour une demande de vente ou location de nos chalets, ou pour toute information compl\u00e9mentaire, n&#8217;h\u00e9sitez pas \u00e0\u00a0<strong><a style=\"color: #000000;\" href=\"https:\/\/xn--chalet-nol-57a.fr\/index.php\/contact\/\" target=\"_blank\" rel=\"noopener\">nous contacter<\/a><\/strong><\/span><\/h4>\n<h5 style=\"text-align: center;\"><span style=\"font-size: 16px; color: #000000;\"><strong>Vous pouvez aussi consulter <a style=\"color: #000000;\" href=\"https:\/\/xn--chalet-nol-57a.fr\/index.php\/tarifs\/\">Nos tarifs<\/a><\/strong><\/span><\/h5>\n","protected":false},"excerpt":{"rendered":"<p>Boutiques, Structures en Bois pour Foire, Centre Commercial et March\u00e9 Nous fabriquons et vendons des chalets de No\u00ebl, nous vous proposons : Tout d&#8217;abord la vente des chalets qui \u00e0 l&#8217;achat sont neuf ou d&#8217;occasion et la location de chalets de m\u00eame que le transport avec montage puis enfin le d\u00e9montage qui sont compris location [&hellip;]<\/p>\n","protected":false},"author":1,"featured_media":0,"parent":0,"menu_order":0,"comment_status":"closed","ping_status":"closed","template":"","meta":{"sfsi_plus_gutenberg_text_before_share":"","sfsi_plus_gutenberg_show_text_before_share":"","sfsi_plus_gutenberg_icon_type":"","sfsi_plus_gutenberg_icon_alignemt":"","sfsi_plus_gutenburg_max_per_row":"","footnotes":""},"yoast_head":"<!-- This site is optimized with the Yoast SEO plugin v17.1 - https:\/\/yoast.com\/wordpress\/plugins\/seo\/ -->\n<title>Vente neuf et occasion - location de chalets de no\u00ebl | Evolue Bois<\/title>\n<meta name=\"description\" content=\"Nous fabriquons et distribuons des chalets de No\u00ebl adaptable \u00e0 vos besoins, vente et location, Transport, Montage, D\u00e9montage,\" \/>\n<meta name=\"robots\" content=\"index, follow, max-snippet:-1, max-image-preview:large, max-video-preview:-1\" \/>\n<link rel=\"canonical\" href=\"https:\/\/xn--chalet-nol-57a.fr\/index.php\/vente-location\/\" \/>\n<meta property=\"og:locale\" content=\"fr_FR\" \/>\n<meta property=\"og:type\" content=\"article\" \/>\n<meta property=\"og:title\" content=\"Vente neuf et occasion - location de chalets de no\u00ebl | Evolue Bois\" \/>\n<meta property=\"og:description\" content=\"Nous fabriquons et distribuons des chalets de No\u00ebl adaptable \u00e0 vos besoins, vente et location, Transport, Montage, D\u00e9montage,\" \/>\n<meta property=\"og:url\" content=\"https:\/\/xn--chalet-nol-57a.fr\/index.php\/vente-location\/\" \/>\n<meta property=\"og:site_name\" content=\"EVOLUE BOIS\" \/>\n<meta property=\"article:publisher\" content=\"https:\/\/www.facebook.com\/Evolue%20bois\" \/>\n<meta property=\"article:modified_time\" content=\"2018-09-17T17:28:52+00:00\" \/>\n<meta property=\"og:image\" content=\"https:\/\/xn--chalet-nol-57a.fr\/wp-content\/uploads\/2018\/05\/DSCN0314-min-e1527279661570-300x296.jpg\" \/>\n<meta name=\"twitter:card\" content=\"summary_large_image\" \/>\n<meta name=\"twitter:label1\" content=\"Dur\u00e9e de lecture est.\" \/>\n\t<meta name=\"twitter:data1\" content=\"1 minute\" \/>\n<script type=\"application\/ld+json\" class=\"yoast-schema-graph\">{\"@context\":\"https:\/\/schema.org\",\"@graph\":[{\"@type\":\"Organization\",\"@id\":\"https:\/\/xn--chalet-nol-57a.fr\/#organization\",\"name\":\"EVOLUE BOIS\",\"url\":\"https:\/\/xn--chalet-nol-57a.fr\/\",\"sameAs\":[\"https:\/\/www.facebook.com\/Evolue bois\"],\"logo\":{\"@type\":\"ImageObject\",\"@id\":\"https:\/\/xn--chalet-nol-57a.fr\/#logo\",\"inLanguage\":\"fr-FR\",\"url\":\"https:\/\/xn--chalet-nol-57a.fr\/wp-content\/uploads\/2018\/05\/logo1-e1527706006592.png\",\"contentUrl\":\"https:\/\/xn--chalet-nol-57a.fr\/wp-content\/uploads\/2018\/05\/logo1-e1527706006592.png\",\"width\":210,\"height\":107,\"caption\":\"EVOLUE BOIS\"},\"image\":{\"@id\":\"https:\/\/xn--chalet-nol-57a.fr\/#logo\"}},{\"@type\":\"WebSite\",\"@id\":\"https:\/\/xn--chalet-nol-57a.fr\/#website\",\"url\":\"https:\/\/xn--chalet-nol-57a.fr\/\",\"name\":\"EVOLUE BOIS\",\"description\":\"Vente et location de chalets de No\\u00ebl\",\"publisher\":{\"@id\":\"https:\/\/xn--chalet-nol-57a.fr\/#organization\"},\"potentialAction\":[{\"@type\":\"SearchAction\",\"target\":{\"@type\":\"EntryPoint\",\"urlTemplate\":\"https:\/\/xn--chalet-nol-57a.fr\/?s={search_term_string}\"},\"query-input\":\"required name=search_term_string\"}],\"inLanguage\":\"fr-FR\"},{\"@type\":\"ImageObject\",\"@id\":\"https:\/\/xn--chalet-nol-57a.fr\/index.php\/vente-location\/#primaryimage\",\"inLanguage\":\"fr-FR\",\"url\":\"https:\/\/xn--chalet-nol-57a.fr\/wp-content\/uploads\/2018\/05\/DSCN0314-min-e1527279661570.jpg\",\"contentUrl\":\"https:\/\/xn--chalet-nol-57a.fr\/wp-content\/uploads\/2018\/05\/DSCN0314-min-e1527279661570.jpg\",\"width\":3915,\"height\":3864,\"caption\":\"Fabrication de chalets\"},{\"@type\":\"WebPage\",\"@id\":\"https:\/\/xn--chalet-nol-57a.fr\/index.php\/vente-location\/#webpage\",\"url\":\"https:\/\/xn--chalet-nol-57a.fr\/index.php\/vente-location\/\",\"name\":\"Vente neuf et occasion - location de chalets de no\\u00ebl | Evolue Bois\",\"isPartOf\":{\"@id\":\"https:\/\/xn--chalet-nol-57a.fr\/#website\"},\"primaryImageOfPage\":{\"@id\":\"https:\/\/xn--chalet-nol-57a.fr\/index.php\/vente-location\/#primaryimage\"},\"datePublished\":\"2018-05-16T08:00:28+00:00\",\"dateModified\":\"2018-09-17T17:28:52+00:00\",\"description\":\"Nous fabriquons et distribuons des chalets de No\\u00ebl adaptable \\u00e0 vos besoins, vente et location, Transport, Montage, D\\u00e9montage,\",\"breadcrumb\":{\"@id\":\"https:\/\/xn--chalet-nol-57a.fr\/index.php\/vente-location\/#breadcrumb\"},\"inLanguage\":\"fr-FR\",\"potentialAction\":[{\"@type\":\"ReadAction\",\"target\":[\"https:\/\/xn--chalet-nol-57a.fr\/index.php\/vente-location\/\"]}]},{\"@type\":\"BreadcrumbList\",\"@id\":\"https:\/\/xn--chalet-nol-57a.fr\/index.php\/vente-location\/#breadcrumb\",\"itemListElement\":[{\"@type\":\"ListItem\",\"position\":1,\"name\":\"Accueil\",\"item\":\"https:\/\/xn--chalet-nol-57a.fr\/\"},{\"@type\":\"ListItem\",\"position\":2,\"name\":\"Chalet de No\\u00ebl en Location ou Vente\"}]}]}<\/script>\n<!-- \/ Yoast SEO plugin. -->","yoast_head_json":{"title":"Vente neuf et occasion - location de chalets de no\u00ebl | Evolue Bois","description":"Nous fabriquons et distribuons des chalets de No\u00ebl adaptable \u00e0 vos besoins, vente et location, Transport, Montage, D\u00e9montage,","robots":{"index":"index","follow":"follow","max-snippet":"max-snippet:-1","max-image-preview":"max-image-preview:large","max-video-preview":"max-video-preview:-1"},"canonical":"https:\/\/xn--chalet-nol-57a.fr\/index.php\/vente-location\/","og_locale":"fr_FR","og_type":"article","og_title":"Vente neuf et occasion - location de chalets de no\u00ebl | Evolue Bois","og_description":"Nous fabriquons et distribuons des chalets de No\u00ebl adaptable \u00e0 vos besoins, vente et location, Transport, Montage, D\u00e9montage,","og_url":"https:\/\/xn--chalet-nol-57a.fr\/index.php\/vente-location\/","og_site_name":"EVOLUE BOIS","article_publisher":"https:\/\/www.facebook.com\/Evolue%20bois","article_modified_time":"2018-09-17T17:28:52+00:00","og_image":[{"url":"https:\/\/xn--chalet-nol-57a.fr\/wp-content\/uploads\/2018\/05\/DSCN0314-min-e1527279661570-300x296.jpg"}],"twitter_card":"summary_large_image","twitter_misc":{"Dur\u00e9e de lecture est.":"1 minute"},"schema":{"@context":"https:\/\/schema.org","@graph":[{"@type":"Organization","@id":"https:\/\/xn--chalet-nol-57a.fr\/#organization","name":"EVOLUE BOIS","url":"https:\/\/xn--chalet-nol-57a.fr\/","sameAs":["https:\/\/www.facebook.com\/Evolue bois"],"logo":{"@type":"ImageObject","@id":"https:\/\/xn--chalet-nol-57a.fr\/#logo","inLanguage":"fr-FR","url":"https:\/\/xn--chalet-nol-57a.fr\/wp-content\/uploads\/2018\/05\/logo1-e1527706006592.png","contentUrl":"https:\/\/xn--chalet-nol-57a.fr\/wp-content\/uploads\/2018\/05\/logo1-e1527706006592.png","width":210,"height":107,"caption":"EVOLUE BOIS"},"image":{"@id":"https:\/\/xn--chalet-nol-57a.fr\/#logo"}},{"@type":"WebSite","@id":"https:\/\/xn--chalet-nol-57a.fr\/#website","url":"https:\/\/xn--chalet-nol-57a.fr\/","name":"EVOLUE BOIS","description":"Vente et location de chalets de No\u00ebl","publisher":{"@id":"https:\/\/xn--chalet-nol-57a.fr\/#organization"},"potentialAction":[{"@type":"SearchAction","target":{"@type":"EntryPoint","urlTemplate":"https:\/\/xn--chalet-nol-57a.fr\/?s={search_term_string}"},"query-input":"required name=search_term_string"}],"inLanguage":"fr-FR"},{"@type":"ImageObject","@id":"https:\/\/xn--chalet-nol-57a.fr\/index.php\/vente-location\/#primaryimage","inLanguage":"fr-FR","url":"https:\/\/xn--chalet-nol-57a.fr\/wp-content\/uploads\/2018\/05\/DSCN0314-min-e1527279661570.jpg","contentUrl":"https:\/\/xn--chalet-nol-57a.fr\/wp-content\/uploads\/2018\/05\/DSCN0314-min-e1527279661570.jpg","width":3915,"height":3864,"caption":"Fabrication de chalets"},{"@type":"WebPage","@id":"https:\/\/xn--chalet-nol-57a.fr\/index.php\/vente-location\/#webpage","url":"https:\/\/xn--chalet-nol-57a.fr\/index.php\/vente-location\/","name":"Vente neuf et occasion - location de chalets de no\u00ebl | Evolue Bois","isPartOf":{"@id":"https:\/\/xn--chalet-nol-57a.fr\/#website"},"primaryImageOfPage":{"@id":"https:\/\/xn--chalet-nol-57a.fr\/index.php\/vente-location\/#primaryimage"},"datePublished":"2018-05-16T08:00:28+00:00","dateModified":"2018-09-17T17:28:52+00:00","description":"Nous fabriquons et distribuons des chalets de No\u00ebl adaptable \u00e0 vos besoins, vente et location, Transport, Montage, D\u00e9montage,","breadcrumb":{"@id":"https:\/\/xn--chalet-nol-57a.fr\/index.php\/vente-location\/#breadcrumb"},"inLanguage":"fr-FR","potentialAction":[{"@type":"ReadAction","target":["https:\/\/xn--chalet-nol-57a.fr\/index.php\/vente-location\/"]}]},{"@type":"BreadcrumbList","@id":"https:\/\/xn--chalet-nol-57a.fr\/index.php\/vente-location\/#breadcrumb","itemListElement":[{"@type":"ListItem","position":1,"name":"Accueil","item":"https:\/\/xn--chalet-nol-57a.fr\/"},{"@type":"ListItem","position":2,"name":"Chalet de No\u00ebl en Location ou Vente"}]}]}},"_links":{"self":[{"href":"https:\/\/xn--chalet-nol-57a.fr\/index.php\/wp-json\/wp\/v2\/pages\/51"}],"collection":[{"href":"https:\/\/xn--chalet-nol-57a.fr\/index.php\/wp-json\/wp\/v2\/pages"}],"about":[{"href":"https:\/\/xn--chalet-nol-57a.fr\/index.php\/wp-json\/wp\/v2\/types\/page"}],"author":[{"embeddable":true,"href":"https:\/\/xn--chalet-nol-57a.fr\/index.php\/wp-json\/wp\/v2\/users\/1"}],"replies":[{"embeddable":true,"href":"https:\/\/xn--chalet-nol-57a.fr\/index.php\/wp-json\/wp\/v2\/comments?post=51"}],"version-history":[{"count":50,"href":"https:\/\/xn--chalet-nol-57a.fr\/index.php\/wp-json\/wp\/v2\/pages\/51\/revisions"}],"predecessor-version":[{"id":749,"href":"https:\/\/xn--chalet-nol-57a.fr\/index.php\/wp-json\/wp\/v2\/pages\/51\/revisions\/749"}],"wp:attachment":[{"href":"https:\/\/xn--chalet-nol-57a.fr\/index.php\/wp-json\/wp\/v2\/media?parent=51"}],"curies":[{"name":"wp","href":"https:\/\/api.w.org\/{rel}","templated":true}]}}