{"id":302,"date":"2018-05-29T15:59:17","date_gmt":"2018-05-29T13:59:17","guid":{"rendered":"https:\/\/xn--chalet-nol-57a.fr\/?page_id=302"},"modified":"2018-07-26T10:04:37","modified_gmt":"2018-07-26T08:04:37","slug":"accueil","status":"publish","type":"page","link":"https:\/\/xn--chalet-nol-57a.fr\/","title":{"rendered":"Accueil"},"content":{"rendered":"","protected":false},"excerpt":{"rendered":"","protected":false},"author":1,"featured_media":0,"parent":0,"menu_order":0,"comment_status":"closed","ping_status":"closed","template":"","meta":{"sfsi_plus_gutenberg_text_before_share":"","sfsi_plus_gutenberg_show_text_before_share":"","sfsi_plus_gutenberg_icon_type":"","sfsi_plus_gutenberg_icon_alignemt":"","sfsi_plus_gutenburg_max_per_row":"","footnotes":""},"yoast_head":"<!-- This site is optimized with the Yoast SEO plugin v17.1 - https:\/\/yoast.com\/wordpress\/plugins\/seo\/ -->\n<title>Accueil du site EVOLUE BOIS fabricant et distributeur de chalets de No\u00ebl<\/title>\n<meta name=\"description\" content=\"Bienvenue chez Evolue Bois, Cr\u00e9ation de projet, Vente et location, march\u00e9s de No\u00ebl, animations, foires, stands, billeteries, buvettes, points d&#039;accueil\" \/>\n<meta name=\"robots\" content=\"index, follow, max-snippet:-1, max-image-preview:large, max-video-preview:-1\" \/>\n<link rel=\"canonical\" href=\"https:\/\/xn--chalet-nol-57a.fr\/\" \/>\n<meta property=\"og:locale\" content=\"fr_FR\" \/>\n<meta property=\"og:type\" content=\"article\" \/>\n<meta property=\"og:title\" content=\"Accueil du site EVOLUE BOIS fabricant et distributeur de chalets de No\u00ebl\" \/>\n<meta property=\"og:description\" content=\"Bienvenue chez Evolue Bois, Cr\u00e9ation de projet, Vente et location, march\u00e9s de No\u00ebl, animations, foires, stands, billeteries, buvettes, points d&#039;accueil\" \/>\n<meta property=\"og:url\" content=\"https:\/\/xn--chalet-nol-57a.fr\/\" \/>\n<meta property=\"og:site_name\" content=\"EVOLUE BOIS\" \/>\n<meta property=\"article:publisher\" content=\"https:\/\/www.facebook.com\/Evolue%20bois\" \/>\n<meta property=\"article:modified_time\" content=\"2018-07-26T08:04:37+00:00\" \/>\n<meta name=\"twitter:card\" content=\"summary_large_image\" \/>\n<script type=\"application\/ld+json\" class=\"yoast-schema-graph\">{\"@context\":\"https:\/\/schema.org\",\"@graph\":[{\"@type\":\"Organization\",\"@id\":\"https:\/\/xn--chalet-nol-57a.fr\/#organization\",\"name\":\"EVOLUE BOIS\",\"url\":\"https:\/\/xn--chalet-nol-57a.fr\/\",\"sameAs\":[\"https:\/\/www.facebook.com\/Evolue bois\"],\"logo\":{\"@type\":\"ImageObject\",\"@id\":\"https:\/\/xn--chalet-nol-57a.fr\/#logo\",\"inLanguage\":\"fr-FR\",\"url\":\"https:\/\/xn--chalet-nol-57a.fr\/wp-content\/uploads\/2018\/05\/logo1-e1527706006592.png\",\"contentUrl\":\"https:\/\/xn--chalet-nol-57a.fr\/wp-content\/uploads\/2018\/05\/logo1-e1527706006592.png\",\"width\":210,\"height\":107,\"caption\":\"EVOLUE BOIS\"},\"image\":{\"@id\":\"https:\/\/xn--chalet-nol-57a.fr\/#logo\"}},{\"@type\":\"WebSite\",\"@id\":\"https:\/\/xn--chalet-nol-57a.fr\/#website\",\"url\":\"https:\/\/xn--chalet-nol-57a.fr\/\",\"name\":\"EVOLUE BOIS\",\"description\":\"Vente et location de chalets de No\\u00ebl\",\"publisher\":{\"@id\":\"https:\/\/xn--chalet-nol-57a.fr\/#organization\"},\"potentialAction\":[{\"@type\":\"SearchAction\",\"target\":{\"@type\":\"EntryPoint\",\"urlTemplate\":\"https:\/\/xn--chalet-nol-57a.fr\/?s={search_term_string}\"},\"query-input\":\"required name=search_term_string\"}],\"inLanguage\":\"fr-FR\"},{\"@type\":\"WebPage\",\"@id\":\"https:\/\/xn--chalet-nol-57a.fr\/#webpage\",\"url\":\"https:\/\/xn--chalet-nol-57a.fr\/\",\"name\":\"Accueil du site EVOLUE BOIS fabricant et distributeur de chalets de No\\u00ebl\",\"isPartOf\":{\"@id\":\"https:\/\/xn--chalet-nol-57a.fr\/#website\"},\"datePublished\":\"2018-05-29T13:59:17+00:00\",\"dateModified\":\"2018-07-26T08:04:37+00:00\",\"description\":\"Bienvenue chez Evolue Bois, Cr\\u00e9ation de projet, Vente et location, march\\u00e9s de No\\u00ebl, animations, foires, stands, billeteries, buvettes, points d'accueil\",\"breadcrumb\":{\"@id\":\"https:\/\/xn--chalet-nol-57a.fr\/#breadcrumb\"},\"inLanguage\":\"fr-FR\",\"potentialAction\":[{\"@type\":\"ReadAction\",\"target\":[\"https:\/\/xn--chalet-nol-57a.fr\/\"]}]},{\"@type\":\"BreadcrumbList\",\"@id\":\"https:\/\/xn--chalet-nol-57a.fr\/#breadcrumb\",\"itemListElement\":[{\"@type\":\"ListItem\",\"position\":1,\"name\":\"Accueil\",\"item\":\"https:\/\/xn--chalet-nol-57a.fr\/\"},{\"@type\":\"ListItem\",\"position\":2,\"name\":\"Accueil\"}]}]}<\/script>\n<!-- \/ Yoast SEO plugin. -->","yoast_head_json":{"title":"Accueil du site EVOLUE BOIS fabricant et distributeur de chalets de No\u00ebl","description":"Bienvenue chez Evolue Bois, Cr\u00e9ation de projet, Vente et location, march\u00e9s de No\u00ebl, animations, foires, stands, billeteries, buvettes, points d'accueil","robots":{"index":"index","follow":"follow","max-snippet":"max-snippet:-1","max-image-preview":"max-image-preview:large","max-video-preview":"max-video-preview:-1"},"canonical":"https:\/\/xn--chalet-nol-57a.fr\/","og_locale":"fr_FR","og_type":"article","og_title":"Accueil du site EVOLUE BOIS fabricant et distributeur de chalets de No\u00ebl","og_description":"Bienvenue chez Evolue Bois, Cr\u00e9ation de projet, Vente et location, march\u00e9s de No\u00ebl, animations, foires, stands, billeteries, buvettes, points d'accueil","og_url":"https:\/\/xn--chalet-nol-57a.fr\/","og_site_name":"EVOLUE BOIS","article_publisher":"https:\/\/www.facebook.com\/Evolue%20bois","article_modified_time":"2018-07-26T08:04:37+00:00","twitter_card":"summary_large_image","schema":{"@context":"https:\/\/schema.org","@graph":[{"@type":"Organization","@id":"https:\/\/xn--chalet-nol-57a.fr\/#organization","name":"EVOLUE BOIS","url":"https:\/\/xn--chalet-nol-57a.fr\/","sameAs":["https:\/\/www.facebook.com\/Evolue bois"],"logo":{"@type":"ImageObject","@id":"https:\/\/xn--chalet-nol-57a.fr\/#logo","inLanguage":"fr-FR","url":"https:\/\/xn--chalet-nol-57a.fr\/wp-content\/uploads\/2018\/05\/logo1-e1527706006592.png","contentUrl":"https:\/\/xn--chalet-nol-57a.fr\/wp-content\/uploads\/2018\/05\/logo1-e1527706006592.png","width":210,"height":107,"caption":"EVOLUE BOIS"},"image":{"@id":"https:\/\/xn--chalet-nol-57a.fr\/#logo"}},{"@type":"WebSite","@id":"https:\/\/xn--chalet-nol-57a.fr\/#website","url":"https:\/\/xn--chalet-nol-57a.fr\/","name":"EVOLUE BOIS","description":"Vente et location de chalets de No\u00ebl","publisher":{"@id":"https:\/\/xn--chalet-nol-57a.fr\/#organization"},"potentialAction":[{"@type":"SearchAction","target":{"@type":"EntryPoint","urlTemplate":"https:\/\/xn--chalet-nol-57a.fr\/?s={search_term_string}"},"query-input":"required name=search_term_string"}],"inLanguage":"fr-FR"},{"@type":"WebPage","@id":"https:\/\/xn--chalet-nol-57a.fr\/#webpage","url":"https:\/\/xn--chalet-nol-57a.fr\/","name":"Accueil du site EVOLUE BOIS fabricant et distributeur de chalets de No\u00ebl","isPartOf":{"@id":"https:\/\/xn--chalet-nol-57a.fr\/#website"},"datePublished":"2018-05-29T13:59:17+00:00","dateModified":"2018-07-26T08:04:37+00:00","description":"Bienvenue chez Evolue Bois, Cr\u00e9ation de projet, Vente et location, march\u00e9s de No\u00ebl, animations, foires, stands, billeteries, buvettes, points d'accueil","breadcrumb":{"@id":"https:\/\/xn--chalet-nol-57a.fr\/#breadcrumb"},"inLanguage":"fr-FR","potentialAction":[{"@type":"ReadAction","target":["https:\/\/xn--chalet-nol-57a.fr\/"]}]},{"@type":"BreadcrumbList","@id":"https:\/\/xn--chalet-nol-57a.fr\/#breadcrumb","itemListElement":[{"@type":"ListItem","position":1,"name":"Accueil","item":"https:\/\/xn--chalet-nol-57a.fr\/"},{"@type":"ListItem","position":2,"name":"Accueil"}]}]}},"_links":{"self":[{"href":"https:\/\/xn--chalet-nol-57a.fr\/index.php\/wp-json\/wp\/v2\/pages\/302"}],"collection":[{"href":"https:\/\/xn--chalet-nol-57a.fr\/index.php\/wp-json\/wp\/v2\/pages"}],"about":[{"href":"https:\/\/xn--chalet-nol-57a.fr\/index.php\/wp-json\/wp\/v2\/types\/page"}],"author":[{"embeddable":true,"href":"https:\/\/xn--chalet-nol-57a.fr\/index.php\/wp-json\/wp\/v2\/users\/1"}],"replies":[{"embeddable":true,"href":"https:\/\/xn--chalet-nol-57a.fr\/index.php\/wp-json\/wp\/v2\/comments?post=302"}],"version-history":[{"count":1,"href":"https:\/\/xn--chalet-nol-57a.fr\/index.php\/wp-json\/wp\/v2\/pages\/302\/revisions"}],"predecessor-version":[{"id":303,"href":"https:\/\/xn--chalet-nol-57a.fr\/index.php\/wp-json\/wp\/v2\/pages\/302\/revisions\/303"}],"wp:attachment":[{"href":"https:\/\/xn--chalet-nol-57a.fr\/index.php\/wp-json\/wp\/v2\/media?parent=302"}],"curies":[{"name":"wp","href":"https:\/\/api.w.org\/{rel}","templated":true}]}}