{"id":266,"date":"2018-05-25T21:53:18","date_gmt":"2018-05-25T19:53:18","guid":{"rendered":"https:\/\/xn--chalet-nol-57a.fr\/?page_id=266"},"modified":"2018-08-24T09:49:23","modified_gmt":"2018-08-24T07:49:23","slug":"chalets-de-noel","status":"publish","type":"page","link":"https:\/\/xn--chalet-nol-57a.fr\/index.php\/chalets-de-noel\/","title":{"rendered":"Nos chalets de No\u00ebl"},"content":{"rendered":"<h5><span style=\"color: #000000;\">Avec nos chalets personnalisable,\u00a0<\/span><span style=\"color: #000000;\">Evolue Bois prend part \u00e0 la magie des f\u00eates en mettant\u00a0\u00e0 votre disposition ses chalet de No\u00ebl, ils<\/span><span style=\"color: #000000;\">\u00a0s\u2019int\u00e8grent parfaitement \u00e0 un d\u00e9cor urbain, tout en cr\u00e9ant une atmosph\u00e8re conviviale et pleine de joie p<\/span><span style=\"color: #000000;\">our votre march\u00e9, de m\u00eame que pour vos courses dans un centre commercial.<\/span><\/h5>\n<p><span style=\"color: #000000;\">Tous nos chalets comportent un habillage en bois qui leur conf\u00e8re un aspect traditionnel et rustique. \u00a0Par cons\u00e9quent ils peuvent \u00eatres notamment \u00e9quip\u00e9s de l\u2019\u00e9lectricit\u00e9, d\u2019installations lumineuses et du chauffage, pour un confort total. De m\u00eame que pour la personnalisation du chalets qui est adaptable \u00e0 vos besoins.\u00a0<\/span><\/p>\n<div class=\"csRow\">\n<div class=\"csColumnGap\" style=\"margin: 0px; padding: 0px; float: left; width: 1.56%;\"><span style=\"color: #000000;\"><img decoding=\"async\" style=\"border: none;\" src=\"https:\/\/xn--chalet-nol-57a.fr\/wp-content\/plugins\/advanced-wp-columns\/assets\/js\/plugins\/views\/img\/1x1-pixel.png\" \/><\/span><\/div>\n<div class=\"csColumn\" style=\"margin: 0px; padding: 0px; float: left; width: 47.7%;\" data-csstartpoint=\"15\" data-csendpoint=\"472.5\" data-cswidth=\"47.7%\" data-csid=\"8b3c66d6-c636-00a4-ae9a-8c4e4d4d401e\">\n<figure style=\"width: 441px\" class=\"wp-caption alignnone\"><a href=\"https:\/\/xn--chalet-nol-57a.fr\/wp-content\/uploads\/2018\/05\/sarlat-16-min.jpg\"><img decoding=\"async\" loading=\"lazy\" title=\"Chalet de No\u00ebl - March\u00e9 de no\u00ebl Sarlat 2016\" src=\"https:\/\/xn--chalet-nol-57a.fr\/wp-content\/uploads\/2018\/05\/sarlat-16-min.jpg\" alt=\"\" width=\"441\" height=\"330\" \/><\/a><figcaption class=\"wp-caption-text\">Chalet de No\u00ebl &#8211; March\u00e9 de no\u00ebl Sarlat 2016<\/figcaption><\/figure>\n<\/div>\n<div class=\"csColumnGap\" style=\"margin: 0px; padding: 0px; float: left; width: 1.56%;\"><img decoding=\"async\" style=\"border: none;\" src=\"https:\/\/xn--chalet-nol-57a.fr\/wp-content\/plugins\/advanced-wp-columns\/assets\/js\/plugins\/views\/img\/1x1-pixel.png\" \/><\/div>\n<div class=\"csColumn\" style=\"margin: 0px; padding: 0px; float: left; width: 47.7%;\" data-csstartpoint=\"487.5\" data-csendpoint=\"945\" data-cswidth=\"47.7%\" data-csid=\"68f085ad-45ee-9bba-a862-5674b31347db\">\n<figure style=\"width: 441px\" class=\"wp-caption alignnone\"><a href=\"https:\/\/xn--chalet-nol-57a.fr\/wp-content\/uploads\/2018\/05\/sarlat-04-min.jpg\"><img decoding=\"async\" loading=\"lazy\" title=\"Chalet de No\u00ebl - March\u00e9 de no\u00ebl Sarlat 2016\" src=\"https:\/\/xn--chalet-nol-57a.fr\/wp-content\/uploads\/2018\/05\/sarlat-04-min.jpg\" alt=\"\" width=\"441\" height=\"330\" \/><\/a><figcaption class=\"wp-caption-text\">Chalet de No\u00ebl &#8211; March\u00e9 de no\u00ebl Sarlat 2016<\/figcaption><\/figure>\n<\/div>\n<\/div>\n<div class=\"csRow\">\n<div class=\"csColumnGap\" style=\"margin: 0px; padding: 0px; float: left; width: 1.56%;\"><img decoding=\"async\" style=\"border: none;\" src=\"https:\/\/xn--chalet-nol-57a.fr\/wp-content\/plugins\/advanced-wp-columns\/assets\/js\/plugins\/views\/img\/1x1-pixel.png\" \/><\/div>\n<div class=\"csColumn\" style=\"margin: 0px; padding: 0px; float: left; width: 47.7%;\" data-csstartpoint=\"15\" data-csendpoint=\"472.5\" data-cswidth=\"47.7%\" data-csid=\"27c078e7-5582-09c5-b3af-a3ee08a90732\">\n<figure style=\"width: 469px\" class=\"wp-caption alignnone\"><a href=\"https:\/\/xn--chalet-nol-57a.fr\/wp-content\/uploads\/2018\/05\/DSCN0485-min.jpg\"><img decoding=\"async\" loading=\"lazy\" class=\"\" title=\"Chalet centre commerciale \" src=\"https:\/\/xn--chalet-nol-57a.fr\/wp-content\/uploads\/2018\/05\/DSCN0485-min.jpg\" alt=\"\" width=\"469\" height=\"351\" \/><\/a><figcaption class=\"wp-caption-text\">\u00c9choppe centre commerciale<\/figcaption><\/figure>\n<\/div>\n<div class=\"csColumnGap\" style=\"margin: 0px; padding: 0px; float: left; width: 1.56%;\"><img decoding=\"async\" style=\"border: none;\" src=\"https:\/\/xn--chalet-nol-57a.fr\/wp-content\/plugins\/advanced-wp-columns\/assets\/js\/plugins\/views\/img\/1x1-pixel.png\" \/><\/div>\n<div class=\"csColumn\" style=\"margin: 0px; padding: 0px; float: left; width: 47.7%;\" data-csstartpoint=\"487.5\" data-csendpoint=\"945\" data-cswidth=\"47.7%\" data-csid=\"21e69316-3980-b2ec-b876-99cd31d89641\">\n<figure style=\"width: 5152px\" class=\"wp-caption alignnone\"><a href=\"https:\/\/xn--chalet-nol-57a.fr\/wp-content\/uploads\/2018\/05\/DSCN0481-min.jpg\"><img decoding=\"async\" loading=\"lazy\" title=\"Chalet centre commerciale \" src=\"https:\/\/xn--chalet-nol-57a.fr\/wp-content\/uploads\/2018\/05\/DSCN0481-min.jpg\" alt=\"\" width=\"5152\" height=\"3864\" \/><\/a><figcaption class=\"wp-caption-text\">\u00c9choppe centre commerciale<\/figcaption><\/figure>\n<\/div>\n<\/div>\n<p>&nbsp;<\/p>\n<h4 style=\"text-align: center;\"><a href=\"https:\/\/xn--chalet-nol-57a.fr\/index.php\/caracteristiques\/\" target=\"_blank\" rel=\"noopener\">Caract\u00e9ristiques des chalets <\/a><\/h4>\n","protected":false},"excerpt":{"rendered":"<p>Avec nos chalets personnalisable,\u00a0Evolue Bois prend part \u00e0 la magie des f\u00eates en mettant\u00a0\u00e0 votre disposition ses chalet de No\u00ebl, ils\u00a0s\u2019int\u00e8grent parfaitement \u00e0 un d\u00e9cor urbain, tout en cr\u00e9ant une atmosph\u00e8re conviviale et pleine de joie pour votre march\u00e9, de m\u00eame que pour vos courses dans un centre commercial. Tous nos chalets comportent un habillage [&hellip;]<\/p>\n","protected":false},"author":1,"featured_media":0,"parent":0,"menu_order":0,"comment_status":"closed","ping_status":"closed","template":"","meta":{"sfsi_plus_gutenberg_text_before_share":"","sfsi_plus_gutenberg_show_text_before_share":"","sfsi_plus_gutenberg_icon_type":"","sfsi_plus_gutenberg_icon_alignemt":"","sfsi_plus_gutenburg_max_per_row":"","footnotes":""},"yoast_head":"<!-- This site is optimized with the Yoast SEO plugin v17.1 - https:\/\/yoast.com\/wordpress\/plugins\/seo\/ -->\n<title>Nos Chalets de No\u00ebl personnalisable - EVOLUE BOIS<\/title>\n<meta name=\"description\" content=\"Evolue bois prend part \u00e0 la magie des f\u00eates en mettant\u00a0\u00e0 votre disposition ses chalets en bois.\u00a0Nos chalets de No\u00ebl sont adaptable \u00e0 vos besoins.\" \/>\n<meta name=\"robots\" content=\"index, follow, max-snippet:-1, max-image-preview:large, max-video-preview:-1\" \/>\n<link rel=\"canonical\" href=\"https:\/\/xn--chalet-nol-57a.fr\/index.php\/chalets-de-noel\/\" \/>\n<meta property=\"og:locale\" content=\"fr_FR\" \/>\n<meta property=\"og:type\" content=\"article\" \/>\n<meta property=\"og:title\" content=\"Nos Chalets de No\u00ebl personnalisable - EVOLUE BOIS\" \/>\n<meta property=\"og:description\" content=\"Evolue bois prend part \u00e0 la magie des f\u00eates en mettant\u00a0\u00e0 votre disposition ses chalets en bois.\u00a0Nos chalets de No\u00ebl sont adaptable \u00e0 vos besoins.\" \/>\n<meta property=\"og:url\" content=\"https:\/\/xn--chalet-nol-57a.fr\/index.php\/chalets-de-noel\/\" \/>\n<meta property=\"og:site_name\" content=\"EVOLUE BOIS\" \/>\n<meta property=\"article:publisher\" content=\"https:\/\/www.facebook.com\/Evolue%20bois\" \/>\n<meta property=\"article:modified_time\" content=\"2018-08-24T07:49:23+00:00\" \/>\n<meta property=\"og:image\" content=\"https:\/\/xn--chalet-nol-57a.fr\/wp-content\/plugins\/advanced-wp-columns\/assets\/js\/plugins\/views\/img\/1x1-pixel.png\" \/>\n<meta name=\"twitter:card\" content=\"summary_large_image\" \/>\n<meta name=\"twitter:label1\" content=\"Dur\u00e9e de lecture est.\" \/>\n\t<meta name=\"twitter:data1\" content=\"1 minute\" \/>\n<script type=\"application\/ld+json\" class=\"yoast-schema-graph\">{\"@context\":\"https:\/\/schema.org\",\"@graph\":[{\"@type\":\"Organization\",\"@id\":\"https:\/\/xn--chalet-nol-57a.fr\/#organization\",\"name\":\"EVOLUE BOIS\",\"url\":\"https:\/\/xn--chalet-nol-57a.fr\/\",\"sameAs\":[\"https:\/\/www.facebook.com\/Evolue bois\"],\"logo\":{\"@type\":\"ImageObject\",\"@id\":\"https:\/\/xn--chalet-nol-57a.fr\/#logo\",\"inLanguage\":\"fr-FR\",\"url\":\"https:\/\/xn--chalet-nol-57a.fr\/wp-content\/uploads\/2018\/05\/logo1-e1527706006592.png\",\"contentUrl\":\"https:\/\/xn--chalet-nol-57a.fr\/wp-content\/uploads\/2018\/05\/logo1-e1527706006592.png\",\"width\":210,\"height\":107,\"caption\":\"EVOLUE BOIS\"},\"image\":{\"@id\":\"https:\/\/xn--chalet-nol-57a.fr\/#logo\"}},{\"@type\":\"WebSite\",\"@id\":\"https:\/\/xn--chalet-nol-57a.fr\/#website\",\"url\":\"https:\/\/xn--chalet-nol-57a.fr\/\",\"name\":\"EVOLUE BOIS\",\"description\":\"Vente et location de chalets de No\\u00ebl\",\"publisher\":{\"@id\":\"https:\/\/xn--chalet-nol-57a.fr\/#organization\"},\"potentialAction\":[{\"@type\":\"SearchAction\",\"target\":{\"@type\":\"EntryPoint\",\"urlTemplate\":\"https:\/\/xn--chalet-nol-57a.fr\/?s={search_term_string}\"},\"query-input\":\"required name=search_term_string\"}],\"inLanguage\":\"fr-FR\"},{\"@type\":\"ImageObject\",\"@id\":\"https:\/\/xn--chalet-nol-57a.fr\/index.php\/chalets-de-noel\/#primaryimage\",\"inLanguage\":\"fr-FR\",\"url\":\"https:\/\/xn--chalet-nol-57a.fr\/wp-content\/plugins\/advanced-wp-columns\/assets\/js\/plugins\/views\/img\/1x1-pixel.png\",\"contentUrl\":\"https:\/\/xn--chalet-nol-57a.fr\/wp-content\/plugins\/advanced-wp-columns\/assets\/js\/plugins\/views\/img\/1x1-pixel.png\"},{\"@type\":\"WebPage\",\"@id\":\"https:\/\/xn--chalet-nol-57a.fr\/index.php\/chalets-de-noel\/#webpage\",\"url\":\"https:\/\/xn--chalet-nol-57a.fr\/index.php\/chalets-de-noel\/\",\"name\":\"Nos Chalets de No\\u00ebl personnalisable - EVOLUE BOIS\",\"isPartOf\":{\"@id\":\"https:\/\/xn--chalet-nol-57a.fr\/#website\"},\"primaryImageOfPage\":{\"@id\":\"https:\/\/xn--chalet-nol-57a.fr\/index.php\/chalets-de-noel\/#primaryimage\"},\"datePublished\":\"2018-05-25T19:53:18+00:00\",\"dateModified\":\"2018-08-24T07:49:23+00:00\",\"description\":\"Evolue bois prend part \\u00e0 la magie des f\\u00eates en mettant\\u00a0\\u00e0 votre disposition ses chalets en bois.\\u00a0Nos chalets de No\\u00ebl sont adaptable \\u00e0 vos besoins.\",\"breadcrumb\":{\"@id\":\"https:\/\/xn--chalet-nol-57a.fr\/index.php\/chalets-de-noel\/#breadcrumb\"},\"inLanguage\":\"fr-FR\",\"potentialAction\":[{\"@type\":\"ReadAction\",\"target\":[\"https:\/\/xn--chalet-nol-57a.fr\/index.php\/chalets-de-noel\/\"]}]},{\"@type\":\"BreadcrumbList\",\"@id\":\"https:\/\/xn--chalet-nol-57a.fr\/index.php\/chalets-de-noel\/#breadcrumb\",\"itemListElement\":[{\"@type\":\"ListItem\",\"position\":1,\"name\":\"Accueil\",\"item\":\"https:\/\/xn--chalet-nol-57a.fr\/\"},{\"@type\":\"ListItem\",\"position\":2,\"name\":\"Nos chalets de No\\u00ebl\"}]}]}<\/script>\n<!-- \/ Yoast SEO plugin. -->","yoast_head_json":{"title":"Nos Chalets de No\u00ebl personnalisable - EVOLUE BOIS","description":"Evolue bois prend part \u00e0 la magie des f\u00eates en mettant\u00a0\u00e0 votre disposition ses chalets en bois.\u00a0Nos chalets de No\u00ebl sont adaptable \u00e0 vos besoins.","robots":{"index":"index","follow":"follow","max-snippet":"max-snippet:-1","max-image-preview":"max-image-preview:large","max-video-preview":"max-video-preview:-1"},"canonical":"https:\/\/xn--chalet-nol-57a.fr\/index.php\/chalets-de-noel\/","og_locale":"fr_FR","og_type":"article","og_title":"Nos Chalets de No\u00ebl personnalisable - EVOLUE BOIS","og_description":"Evolue bois prend part \u00e0 la magie des f\u00eates en mettant\u00a0\u00e0 votre disposition ses chalets en bois.\u00a0Nos chalets de No\u00ebl sont adaptable \u00e0 vos besoins.","og_url":"https:\/\/xn--chalet-nol-57a.fr\/index.php\/chalets-de-noel\/","og_site_name":"EVOLUE BOIS","article_publisher":"https:\/\/www.facebook.com\/Evolue%20bois","article_modified_time":"2018-08-24T07:49:23+00:00","og_image":[{"url":"https:\/\/xn--chalet-nol-57a.fr\/wp-content\/plugins\/advanced-wp-columns\/assets\/js\/plugins\/views\/img\/1x1-pixel.png"}],"twitter_card":"summary_large_image","twitter_misc":{"Dur\u00e9e de lecture est.":"1 minute"},"schema":{"@context":"https:\/\/schema.org","@graph":[{"@type":"Organization","@id":"https:\/\/xn--chalet-nol-57a.fr\/#organization","name":"EVOLUE BOIS","url":"https:\/\/xn--chalet-nol-57a.fr\/","sameAs":["https:\/\/www.facebook.com\/Evolue bois"],"logo":{"@type":"ImageObject","@id":"https:\/\/xn--chalet-nol-57a.fr\/#logo","inLanguage":"fr-FR","url":"https:\/\/xn--chalet-nol-57a.fr\/wp-content\/uploads\/2018\/05\/logo1-e1527706006592.png","contentUrl":"https:\/\/xn--chalet-nol-57a.fr\/wp-content\/uploads\/2018\/05\/logo1-e1527706006592.png","width":210,"height":107,"caption":"EVOLUE BOIS"},"image":{"@id":"https:\/\/xn--chalet-nol-57a.fr\/#logo"}},{"@type":"WebSite","@id":"https:\/\/xn--chalet-nol-57a.fr\/#website","url":"https:\/\/xn--chalet-nol-57a.fr\/","name":"EVOLUE BOIS","description":"Vente et location de chalets de No\u00ebl","publisher":{"@id":"https:\/\/xn--chalet-nol-57a.fr\/#organization"},"potentialAction":[{"@type":"SearchAction","target":{"@type":"EntryPoint","urlTemplate":"https:\/\/xn--chalet-nol-57a.fr\/?s={search_term_string}"},"query-input":"required name=search_term_string"}],"inLanguage":"fr-FR"},{"@type":"ImageObject","@id":"https:\/\/xn--chalet-nol-57a.fr\/index.php\/chalets-de-noel\/#primaryimage","inLanguage":"fr-FR","url":"https:\/\/xn--chalet-nol-57a.fr\/wp-content\/plugins\/advanced-wp-columns\/assets\/js\/plugins\/views\/img\/1x1-pixel.png","contentUrl":"https:\/\/xn--chalet-nol-57a.fr\/wp-content\/plugins\/advanced-wp-columns\/assets\/js\/plugins\/views\/img\/1x1-pixel.png"},{"@type":"WebPage","@id":"https:\/\/xn--chalet-nol-57a.fr\/index.php\/chalets-de-noel\/#webpage","url":"https:\/\/xn--chalet-nol-57a.fr\/index.php\/chalets-de-noel\/","name":"Nos Chalets de No\u00ebl personnalisable - EVOLUE BOIS","isPartOf":{"@id":"https:\/\/xn--chalet-nol-57a.fr\/#website"},"primaryImageOfPage":{"@id":"https:\/\/xn--chalet-nol-57a.fr\/index.php\/chalets-de-noel\/#primaryimage"},"datePublished":"2018-05-25T19:53:18+00:00","dateModified":"2018-08-24T07:49:23+00:00","description":"Evolue bois prend part \u00e0 la magie des f\u00eates en mettant\u00a0\u00e0 votre disposition ses chalets en bois.\u00a0Nos chalets de No\u00ebl sont adaptable \u00e0 vos besoins.","breadcrumb":{"@id":"https:\/\/xn--chalet-nol-57a.fr\/index.php\/chalets-de-noel\/#breadcrumb"},"inLanguage":"fr-FR","potentialAction":[{"@type":"ReadAction","target":["https:\/\/xn--chalet-nol-57a.fr\/index.php\/chalets-de-noel\/"]}]},{"@type":"BreadcrumbList","@id":"https:\/\/xn--chalet-nol-57a.fr\/index.php\/chalets-de-noel\/#breadcrumb","itemListElement":[{"@type":"ListItem","position":1,"name":"Accueil","item":"https:\/\/xn--chalet-nol-57a.fr\/"},{"@type":"ListItem","position":2,"name":"Nos chalets de No\u00ebl"}]}]}},"_links":{"self":[{"href":"https:\/\/xn--chalet-nol-57a.fr\/index.php\/wp-json\/wp\/v2\/pages\/266"}],"collection":[{"href":"https:\/\/xn--chalet-nol-57a.fr\/index.php\/wp-json\/wp\/v2\/pages"}],"about":[{"href":"https:\/\/xn--chalet-nol-57a.fr\/index.php\/wp-json\/wp\/v2\/types\/page"}],"author":[{"embeddable":true,"href":"https:\/\/xn--chalet-nol-57a.fr\/index.php\/wp-json\/wp\/v2\/users\/1"}],"replies":[{"embeddable":true,"href":"https:\/\/xn--chalet-nol-57a.fr\/index.php\/wp-json\/wp\/v2\/comments?post=266"}],"version-history":[{"count":21,"href":"https:\/\/xn--chalet-nol-57a.fr\/index.php\/wp-json\/wp\/v2\/pages\/266\/revisions"}],"predecessor-version":[{"id":728,"href":"https:\/\/xn--chalet-nol-57a.fr\/index.php\/wp-json\/wp\/v2\/pages\/266\/revisions\/728"}],"wp:attachment":[{"href":"https:\/\/xn--chalet-nol-57a.fr\/index.php\/wp-json\/wp\/v2\/media?parent=266"}],"curies":[{"name":"wp","href":"https:\/\/api.w.org\/{rel}","templated":true}]}}