{"id":263,"date":"2018-05-25T21:53:18","date_gmt":"2018-05-25T19:53:18","guid":{"rendered":"https:\/\/xn--chalet-nol-57a.fr\/?page_id=263"},"modified":"2018-08-21T15:18:51","modified_gmt":"2018-08-21T13:18:51","slug":"chalets_kit","status":"publish","type":"page","link":"https:\/\/xn--chalet-nol-57a.fr\/index.php\/chalets_kit\/","title":{"rendered":"Montage rapide et simple"},"content":{"rendered":"<h1><span style=\"color: #000000;\">Nos chalets de No\u00ebl en kit<a style=\"color: #000000;\" href=\"https:\/\/xn--chalet-nol-57a.fr\/img_0337-min\/\"><img decoding=\"async\" loading=\"lazy\" class=\"wp-image-204 alignright\" src=\"https:\/\/xn--chalet-nol-57a.fr\/wp-content\/uploads\/2018\/05\/IMG_0337-min-300x169.jpg\" alt=\"\" width=\"376\" height=\"212\" srcset=\"https:\/\/xn--chalet-nol-57a.fr\/wp-content\/uploads\/2018\/05\/IMG_0337-min-300x169.jpg 300w, https:\/\/xn--chalet-nol-57a.fr\/wp-content\/uploads\/2018\/05\/IMG_0337-min-768x432.jpg 768w, https:\/\/xn--chalet-nol-57a.fr\/wp-content\/uploads\/2018\/05\/IMG_0337-min-1024x575.jpg 1024w, https:\/\/xn--chalet-nol-57a.fr\/wp-content\/uploads\/2018\/05\/IMG_0337-min-750x422.jpg 750w\" sizes=\"(max-width: 376px) 100vw, 376px\" \/><\/a><\/span><\/h1>\n<p><span style=\"color: #000000;\">Les chalets en kit,\u00a0 sont rapidement d\u00e9montables et r\u00e9utilisables.<\/span><\/p>\n<p><span style=\"color: #000000;\">1 plancher permet le passage d&#8217;un transpalette ou \u00e9l\u00e9vateur.<\/span><\/p>\n<p><span style=\"color: #000000;\">Pour cette raison, ils sont con\u00e7us pour \u00eatre empil\u00e9s en toute s\u00e9curit\u00e9 et donc un stockage minimum.<\/span><\/p>\n<div id=\"metaslider-id-452\" style=\"max-width: 700px;\" class=\"ml-slider-3-40-0 metaslider metaslider-flex metaslider-452 ml-slider ms-theme-default\" role=\"region\" aria-roledescription=\"Slideshow\" aria-label=\"construction\">\n    <div id=\"metaslider_container_452\">\n        <div id=\"metaslider_452\">\n            <ul aria-live=\"polite\" class=\"slides\">\n                <li style=\"display: block; width: 100%;\" class=\"slide-454 ms-image\" aria-roledescription=\"slide\" aria-label=\"slide-454\"><img src=\"https:\/\/xn--chalet-nol-57a.fr\/wp-content\/uploads\/2018\/05\/DSCN0275-min-700x500.jpg\" height=\"500\" width=\"700\" alt=\"\" class=\"slider-452 slide-454\" title=\"Mise en place du plancher du chalet de no\u00ebl en bois Evolue Bois\" \/><div class=\"caption-wrap\"><div class=\"caption\">Etape 1 : \nMise en place du plancher <\/div><\/div><\/li>\n                <li style=\"display: none; width: 100%;\" class=\"slide-455 ms-image\" aria-roledescription=\"slide\" aria-label=\"slide-455\"><img src=\"https:\/\/xn--chalet-nol-57a.fr\/wp-content\/uploads\/2018\/05\/DSCN0276-min-700x500.jpg\" height=\"500\" width=\"700\" alt=\"\" class=\"slider-452 slide-455\" title=\"Montage du panneau lat\u00e9ral du chalet de no\u00ebl en bois Evolue Bois\" \/><div class=\"caption-wrap\"><div class=\"caption\">Etape 2 : \nMontage du panneau lat\u00e9ral <\/div><\/div><\/li>\n                <li style=\"display: none; width: 100%;\" class=\"slide-456 ms-image\" aria-roledescription=\"slide\" aria-label=\"slide-456\"><img src=\"https:\/\/xn--chalet-nol-57a.fr\/wp-content\/uploads\/2018\/05\/DSCN0279-min-700x500.jpg\" height=\"500\" width=\"700\" alt=\"\" class=\"slider-452 slide-456\" title=\"Montage du second panneau du chalet de no\u00ebl en bois Evolue Bois\" \/><div class=\"caption-wrap\"><div class=\"caption\">Etape 3 : \nMontage du second panneau <\/div><\/div><\/li>\n                <li style=\"display: none; width: 100%;\" class=\"slide-457 ms-image\" aria-roledescription=\"slide\" aria-label=\"slide-457\"><img src=\"https:\/\/xn--chalet-nol-57a.fr\/wp-content\/uploads\/2018\/05\/DSCN0280-min-700x500.jpg\" height=\"500\" width=\"700\" alt=\"\" class=\"slider-452 slide-457\" title=\"Mise en place du panneau fa\u00e7ade du chalet de no\u00ebl en bois Evolue Bois\" \/><div class=\"caption-wrap\"><div class=\"caption\">Etape 4 : \nMise en place du panneau fa\u00e7ade<\/div><\/div><\/li>\n                <li style=\"display: none; width: 100%;\" class=\"slide-458 ms-image\" aria-roledescription=\"slide\" aria-label=\"slide-458\"><img src=\"https:\/\/xn--chalet-nol-57a.fr\/wp-content\/uploads\/2018\/05\/DSCN0284-min-700x500.jpg\" height=\"500\" width=\"700\" alt=\"\" class=\"slider-452 slide-458\" title=\"Montage du toit du chalet de no\u00ebl en bois Evolue Bois\" \/><div class=\"caption-wrap\"><div class=\"caption\">Etape 5 : \nMontage du toit<\/div><\/div><\/li>\n                <li style=\"display: none; width: 100%;\" class=\"slide-459 ms-image\" aria-roledescription=\"slide\" aria-label=\"slide-459\"><img src=\"https:\/\/xn--chalet-nol-57a.fr\/wp-content\/uploads\/2018\/05\/DSCN0293-min-700x500.jpg\" height=\"500\" width=\"700\" alt=\"\" class=\"slider-452 slide-459\" title=\"Construction terminer  du chalet de no\u00ebl en bois Evolue Bois\" \/><div class=\"caption-wrap\"><div class=\"caption\">Etape 6 : \nConstruction terminer <\/div><\/div><\/li>\n                <li style=\"display: none; width: 100%;\" class=\"slide-453 ms-image\" aria-roledescription=\"slide\" aria-label=\"slide-453\"><img src=\"https:\/\/xn--chalet-nol-57a.fr\/wp-content\/uploads\/2018\/05\/DSCN0429-min-700x500.jpg\" height=\"500\" width=\"700\" alt=\"\" class=\"slider-452 slide-453\" title=\"Stockage du chalet ( montage et d\u00e9montage ) chalet de no\u00ebl en bois Evolue Bois\" \/><div class=\"caption-wrap\"><div class=\"caption\">Stockage du chalet ( montage et d\u00e9montage )<\/div><\/div><\/li>\n            <\/ul>\n        <\/div>\n        \n    <\/div>\n<\/div>\n","protected":false},"excerpt":{"rendered":"<p>Nos chalets de No\u00ebl en kit Les chalets en kit,\u00a0 sont rapidement d\u00e9montables et r\u00e9utilisables. 1 plancher permet le passage d&#8217;un transpalette ou \u00e9l\u00e9vateur. Pour cette raison, ils sont con\u00e7us pour \u00eatre empil\u00e9s en toute s\u00e9curit\u00e9 et donc un stockage minimum.<\/p>\n","protected":false},"author":1,"featured_media":0,"parent":0,"menu_order":0,"comment_status":"closed","ping_status":"closed","template":"","meta":{"sfsi_plus_gutenberg_text_before_share":"","sfsi_plus_gutenberg_show_text_before_share":"","sfsi_plus_gutenberg_icon_type":"","sfsi_plus_gutenberg_icon_alignemt":"","sfsi_plus_gutenburg_max_per_row":"","footnotes":""},"yoast_head":"<!-- This site is optimized with the Yoast SEO plugin v17.1 - https:\/\/yoast.com\/wordpress\/plugins\/seo\/ -->\n<title>Montage des chalets de no\u00ebl en kit rapide et simple<\/title>\n<meta name=\"description\" content=\"Nos chalets en kit sont en bois, ils sont rapidement d\u00e9montables et r\u00e9utilisables, et peuvent \u00eatre empil\u00e9s en toute s\u00e9curit\u00e9 et pour un stockage minimum\" \/>\n<meta name=\"robots\" content=\"index, follow, max-snippet:-1, max-image-preview:large, max-video-preview:-1\" \/>\n<link rel=\"canonical\" href=\"https:\/\/xn--chalet-nol-57a.fr\/index.php\/chalets_kit\/\" \/>\n<meta property=\"og:locale\" content=\"fr_FR\" \/>\n<meta property=\"og:type\" content=\"article\" \/>\n<meta property=\"og:title\" content=\"Montage des chalets de no\u00ebl en kit rapide et simple\" \/>\n<meta property=\"og:description\" content=\"Nos chalets en kit sont en bois, ils sont rapidement d\u00e9montables et r\u00e9utilisables, et peuvent \u00eatre empil\u00e9s en toute s\u00e9curit\u00e9 et pour un stockage minimum\" \/>\n<meta property=\"og:url\" content=\"https:\/\/xn--chalet-nol-57a.fr\/index.php\/chalets_kit\/\" \/>\n<meta property=\"og:site_name\" content=\"EVOLUE BOIS\" \/>\n<meta property=\"article:publisher\" content=\"https:\/\/www.facebook.com\/Evolue%20bois\" \/>\n<meta property=\"article:modified_time\" content=\"2018-08-21T13:18:51+00:00\" \/>\n<meta property=\"og:image\" content=\"https:\/\/xn--chalet-nol-57a.fr\/wp-content\/uploads\/2018\/05\/IMG_0337-min-300x169.jpg\" \/>\n<meta name=\"twitter:card\" content=\"summary_large_image\" \/>\n<script type=\"application\/ld+json\" class=\"yoast-schema-graph\">{\"@context\":\"https:\/\/schema.org\",\"@graph\":[{\"@type\":\"Organization\",\"@id\":\"https:\/\/xn--chalet-nol-57a.fr\/#organization\",\"name\":\"EVOLUE BOIS\",\"url\":\"https:\/\/xn--chalet-nol-57a.fr\/\",\"sameAs\":[\"https:\/\/www.facebook.com\/Evolue bois\"],\"logo\":{\"@type\":\"ImageObject\",\"@id\":\"https:\/\/xn--chalet-nol-57a.fr\/#logo\",\"inLanguage\":\"fr-FR\",\"url\":\"https:\/\/xn--chalet-nol-57a.fr\/wp-content\/uploads\/2018\/05\/logo1-e1527706006592.png\",\"contentUrl\":\"https:\/\/xn--chalet-nol-57a.fr\/wp-content\/uploads\/2018\/05\/logo1-e1527706006592.png\",\"width\":210,\"height\":107,\"caption\":\"EVOLUE BOIS\"},\"image\":{\"@id\":\"https:\/\/xn--chalet-nol-57a.fr\/#logo\"}},{\"@type\":\"WebSite\",\"@id\":\"https:\/\/xn--chalet-nol-57a.fr\/#website\",\"url\":\"https:\/\/xn--chalet-nol-57a.fr\/\",\"name\":\"EVOLUE BOIS\",\"description\":\"Vente et location de chalets de No\\u00ebl\",\"publisher\":{\"@id\":\"https:\/\/xn--chalet-nol-57a.fr\/#organization\"},\"potentialAction\":[{\"@type\":\"SearchAction\",\"target\":{\"@type\":\"EntryPoint\",\"urlTemplate\":\"https:\/\/xn--chalet-nol-57a.fr\/?s={search_term_string}\"},\"query-input\":\"required name=search_term_string\"}],\"inLanguage\":\"fr-FR\"},{\"@type\":\"ImageObject\",\"@id\":\"https:\/\/xn--chalet-nol-57a.fr\/index.php\/chalets_kit\/#primaryimage\",\"inLanguage\":\"fr-FR\",\"url\":\"https:\/\/xn--chalet-nol-57a.fr\/wp-content\/uploads\/2018\/05\/IMG_0337-min.jpg\",\"contentUrl\":\"https:\/\/xn--chalet-nol-57a.fr\/wp-content\/uploads\/2018\/05\/IMG_0337-min.jpg\",\"width\":\"4000\",\"height\":\"2248\"},{\"@type\":\"WebPage\",\"@id\":\"https:\/\/xn--chalet-nol-57a.fr\/index.php\/chalets_kit\/#webpage\",\"url\":\"https:\/\/xn--chalet-nol-57a.fr\/index.php\/chalets_kit\/\",\"name\":\"Montage des chalets de no\\u00ebl en kit rapide et simple\",\"isPartOf\":{\"@id\":\"https:\/\/xn--chalet-nol-57a.fr\/#website\"},\"primaryImageOfPage\":{\"@id\":\"https:\/\/xn--chalet-nol-57a.fr\/index.php\/chalets_kit\/#primaryimage\"},\"datePublished\":\"2018-05-25T19:53:18+00:00\",\"dateModified\":\"2018-08-21T13:18:51+00:00\",\"description\":\"Nos chalets en kit sont en bois, ils sont rapidement d\\u00e9montables et r\\u00e9utilisables, et peuvent \\u00eatre empil\\u00e9s en toute s\\u00e9curit\\u00e9 et pour un stockage minimum\",\"breadcrumb\":{\"@id\":\"https:\/\/xn--chalet-nol-57a.fr\/index.php\/chalets_kit\/#breadcrumb\"},\"inLanguage\":\"fr-FR\",\"potentialAction\":[{\"@type\":\"ReadAction\",\"target\":[\"https:\/\/xn--chalet-nol-57a.fr\/index.php\/chalets_kit\/\"]}]},{\"@type\":\"BreadcrumbList\",\"@id\":\"https:\/\/xn--chalet-nol-57a.fr\/index.php\/chalets_kit\/#breadcrumb\",\"itemListElement\":[{\"@type\":\"ListItem\",\"position\":1,\"name\":\"Accueil\",\"item\":\"https:\/\/xn--chalet-nol-57a.fr\/\"},{\"@type\":\"ListItem\",\"position\":2,\"name\":\"Montage rapide et simple\"}]}]}<\/script>\n<!-- \/ Yoast SEO plugin. -->","yoast_head_json":{"title":"Montage des chalets de no\u00ebl en kit rapide et simple","description":"Nos chalets en kit sont en bois, ils sont rapidement d\u00e9montables et r\u00e9utilisables, et peuvent \u00eatre empil\u00e9s en toute s\u00e9curit\u00e9 et pour un stockage minimum","robots":{"index":"index","follow":"follow","max-snippet":"max-snippet:-1","max-image-preview":"max-image-preview:large","max-video-preview":"max-video-preview:-1"},"canonical":"https:\/\/xn--chalet-nol-57a.fr\/index.php\/chalets_kit\/","og_locale":"fr_FR","og_type":"article","og_title":"Montage des chalets de no\u00ebl en kit rapide et simple","og_description":"Nos chalets en kit sont en bois, ils sont rapidement d\u00e9montables et r\u00e9utilisables, et peuvent \u00eatre empil\u00e9s en toute s\u00e9curit\u00e9 et pour un stockage minimum","og_url":"https:\/\/xn--chalet-nol-57a.fr\/index.php\/chalets_kit\/","og_site_name":"EVOLUE BOIS","article_publisher":"https:\/\/www.facebook.com\/Evolue%20bois","article_modified_time":"2018-08-21T13:18:51+00:00","og_image":[{"url":"https:\/\/xn--chalet-nol-57a.fr\/wp-content\/uploads\/2018\/05\/IMG_0337-min-300x169.jpg"}],"twitter_card":"summary_large_image","schema":{"@context":"https:\/\/schema.org","@graph":[{"@type":"Organization","@id":"https:\/\/xn--chalet-nol-57a.fr\/#organization","name":"EVOLUE BOIS","url":"https:\/\/xn--chalet-nol-57a.fr\/","sameAs":["https:\/\/www.facebook.com\/Evolue bois"],"logo":{"@type":"ImageObject","@id":"https:\/\/xn--chalet-nol-57a.fr\/#logo","inLanguage":"fr-FR","url":"https:\/\/xn--chalet-nol-57a.fr\/wp-content\/uploads\/2018\/05\/logo1-e1527706006592.png","contentUrl":"https:\/\/xn--chalet-nol-57a.fr\/wp-content\/uploads\/2018\/05\/logo1-e1527706006592.png","width":210,"height":107,"caption":"EVOLUE BOIS"},"image":{"@id":"https:\/\/xn--chalet-nol-57a.fr\/#logo"}},{"@type":"WebSite","@id":"https:\/\/xn--chalet-nol-57a.fr\/#website","url":"https:\/\/xn--chalet-nol-57a.fr\/","name":"EVOLUE BOIS","description":"Vente et location de chalets de No\u00ebl","publisher":{"@id":"https:\/\/xn--chalet-nol-57a.fr\/#organization"},"potentialAction":[{"@type":"SearchAction","target":{"@type":"EntryPoint","urlTemplate":"https:\/\/xn--chalet-nol-57a.fr\/?s={search_term_string}"},"query-input":"required name=search_term_string"}],"inLanguage":"fr-FR"},{"@type":"ImageObject","@id":"https:\/\/xn--chalet-nol-57a.fr\/index.php\/chalets_kit\/#primaryimage","inLanguage":"fr-FR","url":"https:\/\/xn--chalet-nol-57a.fr\/wp-content\/uploads\/2018\/05\/IMG_0337-min.jpg","contentUrl":"https:\/\/xn--chalet-nol-57a.fr\/wp-content\/uploads\/2018\/05\/IMG_0337-min.jpg","width":"4000","height":"2248"},{"@type":"WebPage","@id":"https:\/\/xn--chalet-nol-57a.fr\/index.php\/chalets_kit\/#webpage","url":"https:\/\/xn--chalet-nol-57a.fr\/index.php\/chalets_kit\/","name":"Montage des chalets de no\u00ebl en kit rapide et simple","isPartOf":{"@id":"https:\/\/xn--chalet-nol-57a.fr\/#website"},"primaryImageOfPage":{"@id":"https:\/\/xn--chalet-nol-57a.fr\/index.php\/chalets_kit\/#primaryimage"},"datePublished":"2018-05-25T19:53:18+00:00","dateModified":"2018-08-21T13:18:51+00:00","description":"Nos chalets en kit sont en bois, ils sont rapidement d\u00e9montables et r\u00e9utilisables, et peuvent \u00eatre empil\u00e9s en toute s\u00e9curit\u00e9 et pour un stockage minimum","breadcrumb":{"@id":"https:\/\/xn--chalet-nol-57a.fr\/index.php\/chalets_kit\/#breadcrumb"},"inLanguage":"fr-FR","potentialAction":[{"@type":"ReadAction","target":["https:\/\/xn--chalet-nol-57a.fr\/index.php\/chalets_kit\/"]}]},{"@type":"BreadcrumbList","@id":"https:\/\/xn--chalet-nol-57a.fr\/index.php\/chalets_kit\/#breadcrumb","itemListElement":[{"@type":"ListItem","position":1,"name":"Accueil","item":"https:\/\/xn--chalet-nol-57a.fr\/"},{"@type":"ListItem","position":2,"name":"Montage rapide et simple"}]}]}},"_links":{"self":[{"href":"https:\/\/xn--chalet-nol-57a.fr\/index.php\/wp-json\/wp\/v2\/pages\/263"}],"collection":[{"href":"https:\/\/xn--chalet-nol-57a.fr\/index.php\/wp-json\/wp\/v2\/pages"}],"about":[{"href":"https:\/\/xn--chalet-nol-57a.fr\/index.php\/wp-json\/wp\/v2\/types\/page"}],"author":[{"embeddable":true,"href":"https:\/\/xn--chalet-nol-57a.fr\/index.php\/wp-json\/wp\/v2\/users\/1"}],"replies":[{"embeddable":true,"href":"https:\/\/xn--chalet-nol-57a.fr\/index.php\/wp-json\/wp\/v2\/comments?post=263"}],"version-history":[{"count":17,"href":"https:\/\/xn--chalet-nol-57a.fr\/index.php\/wp-json\/wp\/v2\/pages\/263\/revisions"}],"predecessor-version":[{"id":726,"href":"https:\/\/xn--chalet-nol-57a.fr\/index.php\/wp-json\/wp\/v2\/pages\/263\/revisions\/726"}],"wp:attachment":[{"href":"https:\/\/xn--chalet-nol-57a.fr\/index.php\/wp-json\/wp\/v2\/media?parent=263"}],"curies":[{"name":"wp","href":"https:\/\/api.w.org\/{rel}","templated":true}]}}