{"id":2,"date":"2018-03-26T13:33:49","date_gmt":"2018-03-26T11:33:49","guid":{"rendered":"https:\/\/xn--chalet-nol-57a.fr\/?page_id=2"},"modified":"2023-07-22T11:32:55","modified_gmt":"2023-07-22T09:32:55","slug":"contact","status":"publish","type":"page","link":"https:\/\/xn--chalet-nol-57a.fr\/index.php\/contact\/","title":{"rendered":"Nous contacter"},"content":{"rendered":"<div class=\"csRow\">\n<div class=\"csColumn\" style=\"margin: 0px; padding: 0px; float: left; width: 31.3%;\" data-csstartpoint=\"15\" data-csendpoint=\"315\" data-cswidth=\"31.3%\" data-csid=\"06a5fdc3-c195-ec28-927a-68b7687af43e\">\n<div class=\"csRow\">\n<h4 class=\"csColumnGap\">Nous contacter :<\/h4>\n<div class=\"csColumn\" data-csstartpoint=\"15\" data-csendpoint=\"472.5\" data-cswidth=\"47.7%\" data-csid=\"263964f6-72fd-ea25-9e25-3e32372df20a\">\n<div class=\"csColumn\" data-csstartpoint=\"487.5\" data-csendpoint=\"945\" data-cswidth=\"47.7%\" data-csid=\"6e2a0d9d-6f42-c755-ad86-478b48f318fa\">\n<div class=\"csColumn\" data-csstartpoint=\"15\" data-csendpoint=\"472.5\" data-cswidth=\"47.7%\" data-csid=\"c19150d1-fb82-b49f-9429-bc770ce63939\">\n<div class=\"csRow\">\n<div class=\"csColumn\" data-csstartpoint=\"487.5\" data-csendpoint=\"945\" data-cswidth=\"47.7%\" data-csid=\"2d043212-fe2c-0def-b7b9-90383c52b986\">\n<p><span style=\"color: #000000;\"><div class=\"wpforms-container wpforms-container-full\" id=\"wpforms-940\"><form id=\"wpforms-form-940\" class=\"wpforms-validate wpforms-form\" data-formid=\"940\" method=\"post\" enctype=\"multipart\/form-data\" action=\"\/index.php\/wp-json\/wp\/v2\/pages\/2\" data-token=\"21f43f3be846f161c3bbfd3a004b12e3\"><noscript class=\"wpforms-error-noscript\">Veuillez activer JavaScript dans votre navigateur pour remplir ce formulaire.<\/noscript><div class=\"wpforms-field-container\"><div id=\"wpforms-940-field_0-container\" class=\"wpforms-field wpforms-field-name\" data-field-id=\"0\"><label class=\"wpforms-field-label\" for=\"wpforms-940-field_0\">Nom <span class=\"wpforms-required-label\">*<\/span><\/label><div class=\"wpforms-field-row wpforms-field-medium\"><div class=\"wpforms-field-row-block wpforms-first wpforms-one-half\"><input type=\"text\" id=\"wpforms-940-field_0\" class=\"wpforms-field-name-first wpforms-field-required\" name=\"wpforms[fields][0][first]\" required><label for=\"wpforms-940-field_0\" class=\"wpforms-field-sublabel after \">Pr\u00e9nom<\/label><\/div><div class=\"wpforms-field-row-block wpforms-one-half\"><input type=\"text\" id=\"wpforms-940-field_0-last\" class=\"wpforms-field-name-last wpforms-field-required\" name=\"wpforms[fields][0][last]\" required><label for=\"wpforms-940-field_0-last\" class=\"wpforms-field-sublabel after \">Nom<\/label><\/div><\/div><\/div><div id=\"wpforms-940-field_1-container\" class=\"wpforms-field wpforms-field-email\" data-field-id=\"1\"><label class=\"wpforms-field-label\" for=\"wpforms-940-field_1\">E-mail <span class=\"wpforms-required-label\">*<\/span><\/label><input type=\"email\" id=\"wpforms-940-field_1\" class=\"wpforms-field-medium wpforms-field-required\" name=\"wpforms[fields][1]\" spellcheck=\"false\" required><\/div><div id=\"wpforms-940-field_2-container\" class=\"wpforms-field wpforms-field-textarea\" data-field-id=\"2\"><label class=\"wpforms-field-label\" for=\"wpforms-940-field_2\">Commentaire ou message <span class=\"wpforms-required-label\">*<\/span><\/label><textarea id=\"wpforms-940-field_2\" class=\"wpforms-field-medium wpforms-field-required\" name=\"wpforms[fields][2]\" required><\/textarea><\/div><\/div><!-- .wpforms-field-container --><div class=\"wpforms-submit-container\" ><input type=\"hidden\" name=\"wpforms[id]\" value=\"940\"><input type=\"hidden\" name=\"wpforms[author]\" value=\"1\"><button type=\"submit\" name=\"wpforms[submit]\" id=\"wpforms-submit-940\" class=\"wpforms-submit\" data-alt-text=\"Envoi...\" data-submit-text=\"Envoyer\" aria-live=\"assertive\" value=\"wpforms-submit\">Envoyer<\/button><\/div><\/form><\/div>  <!-- .wpforms-container --><\/span><\/p>\n<\/div>\n<\/div>\n<\/div>\n<div class=\"csColumn\" data-csstartpoint=\"487.5\" data-csendpoint=\"945\" data-cswidth=\"47.7%\" data-csid=\"e1c3833e-c223-b766-8ea3-b037ab1f3197\">\n<table style=\"height: 262px; width: 347px; border-style: hidden;\" width=\"347\">\n<tbody>\n<tr style=\"height: 67px; border-style: hidden;\">\n<td style=\"width: 95px; border-style: hidden; height: 67px;\">\n<h6><span style=\"color: #000000;\"><strong>Adresse :<\/strong><\/span><\/h6>\n<\/td>\n<td style=\"width: 252px; height: 67px; border-style: none;\">\n<h6><span style=\"color: #000000;\"><strong>\u00a024550 Campagnac-Les-Quercy<\/strong><\/span><\/h6>\n<\/td>\n<\/tr>\n<tr style=\"height: 65px; border-style: hidden;\">\n<td style=\"width: 95px; height: 65px;\">\n<h6><span style=\"color: #000000;\"><strong>T\u00e9l\u00e9phone:<\/strong><\/span><\/h6>\n<\/td>\n<td style=\"width: 252px; height: 65px;\">\n<h6><span style=\"color: #000000;\"><strong>06.77.81.19.68<\/strong><\/span><\/h6>\n<\/td>\n<\/tr>\n<tr style=\"height: 65px;\">\n<td style=\"width: 95px; height: 65px;\">\n<h6><span style=\"color: #000000;\"><strong>Email :<\/strong><\/span><\/h6>\n<\/td>\n<td style=\"width: 252px; height: 65px;\">\n<h6><span style=\"color: #000000;\"><strong>evoluebois@gmail.com<\/strong><\/span><\/h6>\n<\/td>\n<\/tr>\n<\/tbody>\n<\/table>\n<h6 class=\"csRow\"><span style=\"color: #000000;\">Evolue Bois est ouvert du Lundi au samedi<\/span><br \/>\n<span style=\"color: #000000;\">de 8h00 \u00e0 12h00 &#8211; 13h00 \u00e0 19h00.<\/span><\/h6>\n<h4 class=\"csColumnGap\"><\/h4>\n<\/div>\n<\/div>\n<p>&nbsp;<\/p>\n<\/div>\n<\/div>\n<\/div>\n<div class=\"csColumnGap\" style=\"margin: 0px; padding: 0px; float: left; width: 1.56%;\"><img decoding=\"async\" style=\"border: none;\" src=\"https:\/\/xn--chalet-nol-57a.fr\/wp-content\/plugins\/advanced-wp-columns\/assets\/js\/plugins\/views\/img\/1x1-pixel.png\" \/><\/div>\n<div class=\"csColumn\" style=\"margin: 0px; padding: 0px; float: left; width: 31.3%;\" data-csstartpoint=\"330\" data-csendpoint=\"630\" data-cswidth=\"31.3%\" data-csid=\"0e7ed668-2358-296f-a9e5-07b366815999\">\n<div class=\"csRow\">\n<div class=\"csColumn\" data-csstartpoint=\"15\" data-csendpoint=\"472.5\" data-cswidth=\"47.7%\" data-csid=\"263964f6-72fd-ea25-9e25-3e32372df20a\">\n<p>&nbsp;<\/p>\n<\/div>\n<div class=\"csColumnGap\"><span style=\"color: #000000;\"><img decoding=\"async\" src=\"img\/1x1-pixel.png\" alt=\"\" \/><\/span><\/div>\n<\/div>\n<\/div>\n<div class=\"csColumnGap\" style=\"margin: 0px; padding: 0px; float: left; width: 1.56%;\"><img decoding=\"async\" style=\"border: none;\" src=\"https:\/\/xn--chalet-nol-57a.fr\/wp-content\/plugins\/advanced-wp-columns\/assets\/js\/plugins\/views\/img\/1x1-pixel.png\" \/><\/div>\n<div style=\"clear: both; float: none; display: block; visibility: hidden; width: 0px; font-size: 0px; line-height: 0;\"><\/div>\n<\/div>\n<p><iframe loading=\"lazy\" src=\"https:\/\/www.google.com\/maps\/embed?pb=!1m18!1m12!1m3!1d361399.8064631652!2d0.8956557366525739!3d44.95513248949054!2m3!1f0!2f0!3f0!3m2!1i1024!2i768!4f13.1!3m3!1m2!1s0x12ab609d0f587b4f%3A0xdedd8492f52e3d25!2sEvolue+Bois!5e0!3m2!1sen!2sfr!4v1526834944370\" width=\"600\" height=\"450\" frameborder=\"0\" allowfullscreen=\"allowfullscreen\"><\/iframe><\/p>\n","protected":false},"excerpt":{"rendered":"<p>Nous contacter : Adresse : \u00a024550 Campagnac-Les-Quercy T\u00e9l\u00e9phone: 06.77.81.19.68 Email : evoluebois@gmail.com Evolue Bois est ouvert du Lundi au samedi de 8h00 \u00e0 12h00 &#8211; 13h00 \u00e0 19h00. &nbsp; &nbsp;<\/p>\n","protected":false},"author":1,"featured_media":0,"parent":0,"menu_order":0,"comment_status":"closed","ping_status":"open","template":"","meta":{"sfsi_plus_gutenberg_text_before_share":"","sfsi_plus_gutenberg_show_text_before_share":"","sfsi_plus_gutenberg_icon_type":"","sfsi_plus_gutenberg_icon_alignemt":"","sfsi_plus_gutenburg_max_per_row":"","footnotes":""},"yoast_head":"<!-- This site is optimized with the Yoast SEO plugin v17.1 - https:\/\/yoast.com\/wordpress\/plugins\/seo\/ -->\n<title>Formulaire de contact | Evolue Bois<\/title>\n<meta name=\"description\" content=\"Service client - Nous contacter. Pour des questions \u00e0 propos d&#039;une commande ou des informations sur nos produits. Envoyez un message. Objet. Service ...\" \/>\n<meta name=\"robots\" content=\"index, follow, max-snippet:-1, max-image-preview:large, max-video-preview:-1\" \/>\n<link rel=\"canonical\" href=\"https:\/\/xn--chalet-nol-57a.fr\/index.php\/contact\/\" \/>\n<meta property=\"og:locale\" content=\"fr_FR\" \/>\n<meta property=\"og:type\" content=\"article\" \/>\n<meta property=\"og:title\" content=\"Formulaire de contact | Evolue Bois\" \/>\n<meta property=\"og:description\" content=\"Service client - Nous contacter. Pour des questions \u00e0 propos d&#039;une commande ou des informations sur nos produits. Envoyez un message. Objet. Service ...\" \/>\n<meta property=\"og:url\" content=\"https:\/\/xn--chalet-nol-57a.fr\/index.php\/contact\/\" \/>\n<meta property=\"og:site_name\" content=\"EVOLUE BOIS\" \/>\n<meta property=\"article:publisher\" content=\"https:\/\/www.facebook.com\/Evolue%20bois\" \/>\n<meta property=\"article:modified_time\" content=\"2023-07-22T09:32:55+00:00\" \/>\n<meta property=\"og:image\" content=\"https:\/\/xn--chalet-nol-57a.fr\/wp-content\/plugins\/advanced-wp-columns\/assets\/js\/plugins\/views\/img\/1x1-pixel.png\" \/>\n<meta name=\"twitter:card\" content=\"summary_large_image\" \/>\n<meta name=\"twitter:label1\" content=\"Dur\u00e9e de lecture est.\" \/>\n\t<meta name=\"twitter:data1\" content=\"1 minute\" \/>\n<script type=\"application\/ld+json\" class=\"yoast-schema-graph\">{\"@context\":\"https:\/\/schema.org\",\"@graph\":[{\"@type\":\"Organization\",\"@id\":\"https:\/\/xn--chalet-nol-57a.fr\/#organization\",\"name\":\"EVOLUE BOIS\",\"url\":\"https:\/\/xn--chalet-nol-57a.fr\/\",\"sameAs\":[\"https:\/\/www.facebook.com\/Evolue bois\"],\"logo\":{\"@type\":\"ImageObject\",\"@id\":\"https:\/\/xn--chalet-nol-57a.fr\/#logo\",\"inLanguage\":\"fr-FR\",\"url\":\"https:\/\/xn--chalet-nol-57a.fr\/wp-content\/uploads\/2018\/05\/logo1-e1527706006592.png\",\"contentUrl\":\"https:\/\/xn--chalet-nol-57a.fr\/wp-content\/uploads\/2018\/05\/logo1-e1527706006592.png\",\"width\":210,\"height\":107,\"caption\":\"EVOLUE BOIS\"},\"image\":{\"@id\":\"https:\/\/xn--chalet-nol-57a.fr\/#logo\"}},{\"@type\":\"WebSite\",\"@id\":\"https:\/\/xn--chalet-nol-57a.fr\/#website\",\"url\":\"https:\/\/xn--chalet-nol-57a.fr\/\",\"name\":\"EVOLUE BOIS\",\"description\":\"Vente et location de chalets de No\\u00ebl\",\"publisher\":{\"@id\":\"https:\/\/xn--chalet-nol-57a.fr\/#organization\"},\"potentialAction\":[{\"@type\":\"SearchAction\",\"target\":{\"@type\":\"EntryPoint\",\"urlTemplate\":\"https:\/\/xn--chalet-nol-57a.fr\/?s={search_term_string}\"},\"query-input\":\"required name=search_term_string\"}],\"inLanguage\":\"fr-FR\"},{\"@type\":\"ImageObject\",\"@id\":\"https:\/\/xn--chalet-nol-57a.fr\/index.php\/contact\/#primaryimage\",\"inLanguage\":\"fr-FR\",\"url\":\"https:\/\/xn--chalet-nol-57a.fr\/wp-content\/plugins\/advanced-wp-columns\/assets\/js\/plugins\/views\/img\/1x1-pixel.png\",\"contentUrl\":\"https:\/\/xn--chalet-nol-57a.fr\/wp-content\/plugins\/advanced-wp-columns\/assets\/js\/plugins\/views\/img\/1x1-pixel.png\"},{\"@type\":\"WebPage\",\"@id\":\"https:\/\/xn--chalet-nol-57a.fr\/index.php\/contact\/#webpage\",\"url\":\"https:\/\/xn--chalet-nol-57a.fr\/index.php\/contact\/\",\"name\":\"Formulaire de contact | Evolue Bois\",\"isPartOf\":{\"@id\":\"https:\/\/xn--chalet-nol-57a.fr\/#website\"},\"primaryImageOfPage\":{\"@id\":\"https:\/\/xn--chalet-nol-57a.fr\/index.php\/contact\/#primaryimage\"},\"datePublished\":\"2018-03-26T11:33:49+00:00\",\"dateModified\":\"2023-07-22T09:32:55+00:00\",\"description\":\"Service client - Nous contacter. Pour des questions \\u00e0 propos d'une commande ou des informations sur nos produits. Envoyez un message. Objet. Service ...\",\"breadcrumb\":{\"@id\":\"https:\/\/xn--chalet-nol-57a.fr\/index.php\/contact\/#breadcrumb\"},\"inLanguage\":\"fr-FR\",\"potentialAction\":[{\"@type\":\"ReadAction\",\"target\":[\"https:\/\/xn--chalet-nol-57a.fr\/index.php\/contact\/\"]}]},{\"@type\":\"BreadcrumbList\",\"@id\":\"https:\/\/xn--chalet-nol-57a.fr\/index.php\/contact\/#breadcrumb\",\"itemListElement\":[{\"@type\":\"ListItem\",\"position\":1,\"name\":\"Accueil\",\"item\":\"https:\/\/xn--chalet-nol-57a.fr\/\"},{\"@type\":\"ListItem\",\"position\":2,\"name\":\"Nous contacter\"}]}]}<\/script>\n<!-- \/ Yoast SEO plugin. -->","yoast_head_json":{"title":"Formulaire de contact | Evolue Bois","description":"Service client - Nous contacter. Pour des questions \u00e0 propos d'une commande ou des informations sur nos produits. Envoyez un message. Objet. Service ...","robots":{"index":"index","follow":"follow","max-snippet":"max-snippet:-1","max-image-preview":"max-image-preview:large","max-video-preview":"max-video-preview:-1"},"canonical":"https:\/\/xn--chalet-nol-57a.fr\/index.php\/contact\/","og_locale":"fr_FR","og_type":"article","og_title":"Formulaire de contact | Evolue Bois","og_description":"Service client - Nous contacter. Pour des questions \u00e0 propos d'une commande ou des informations sur nos produits. Envoyez un message. Objet. Service ...","og_url":"https:\/\/xn--chalet-nol-57a.fr\/index.php\/contact\/","og_site_name":"EVOLUE BOIS","article_publisher":"https:\/\/www.facebook.com\/Evolue%20bois","article_modified_time":"2023-07-22T09:32:55+00:00","og_image":[{"url":"https:\/\/xn--chalet-nol-57a.fr\/wp-content\/plugins\/advanced-wp-columns\/assets\/js\/plugins\/views\/img\/1x1-pixel.png"}],"twitter_card":"summary_large_image","twitter_misc":{"Dur\u00e9e de lecture est.":"1 minute"},"schema":{"@context":"https:\/\/schema.org","@graph":[{"@type":"Organization","@id":"https:\/\/xn--chalet-nol-57a.fr\/#organization","name":"EVOLUE BOIS","url":"https:\/\/xn--chalet-nol-57a.fr\/","sameAs":["https:\/\/www.facebook.com\/Evolue bois"],"logo":{"@type":"ImageObject","@id":"https:\/\/xn--chalet-nol-57a.fr\/#logo","inLanguage":"fr-FR","url":"https:\/\/xn--chalet-nol-57a.fr\/wp-content\/uploads\/2018\/05\/logo1-e1527706006592.png","contentUrl":"https:\/\/xn--chalet-nol-57a.fr\/wp-content\/uploads\/2018\/05\/logo1-e1527706006592.png","width":210,"height":107,"caption":"EVOLUE BOIS"},"image":{"@id":"https:\/\/xn--chalet-nol-57a.fr\/#logo"}},{"@type":"WebSite","@id":"https:\/\/xn--chalet-nol-57a.fr\/#website","url":"https:\/\/xn--chalet-nol-57a.fr\/","name":"EVOLUE BOIS","description":"Vente et location de chalets de No\u00ebl","publisher":{"@id":"https:\/\/xn--chalet-nol-57a.fr\/#organization"},"potentialAction":[{"@type":"SearchAction","target":{"@type":"EntryPoint","urlTemplate":"https:\/\/xn--chalet-nol-57a.fr\/?s={search_term_string}"},"query-input":"required name=search_term_string"}],"inLanguage":"fr-FR"},{"@type":"ImageObject","@id":"https:\/\/xn--chalet-nol-57a.fr\/index.php\/contact\/#primaryimage","inLanguage":"fr-FR","url":"https:\/\/xn--chalet-nol-57a.fr\/wp-content\/plugins\/advanced-wp-columns\/assets\/js\/plugins\/views\/img\/1x1-pixel.png","contentUrl":"https:\/\/xn--chalet-nol-57a.fr\/wp-content\/plugins\/advanced-wp-columns\/assets\/js\/plugins\/views\/img\/1x1-pixel.png"},{"@type":"WebPage","@id":"https:\/\/xn--chalet-nol-57a.fr\/index.php\/contact\/#webpage","url":"https:\/\/xn--chalet-nol-57a.fr\/index.php\/contact\/","name":"Formulaire de contact | Evolue Bois","isPartOf":{"@id":"https:\/\/xn--chalet-nol-57a.fr\/#website"},"primaryImageOfPage":{"@id":"https:\/\/xn--chalet-nol-57a.fr\/index.php\/contact\/#primaryimage"},"datePublished":"2018-03-26T11:33:49+00:00","dateModified":"2023-07-22T09:32:55+00:00","description":"Service client - Nous contacter. Pour des questions \u00e0 propos d'une commande ou des informations sur nos produits. Envoyez un message. Objet. Service ...","breadcrumb":{"@id":"https:\/\/xn--chalet-nol-57a.fr\/index.php\/contact\/#breadcrumb"},"inLanguage":"fr-FR","potentialAction":[{"@type":"ReadAction","target":["https:\/\/xn--chalet-nol-57a.fr\/index.php\/contact\/"]}]},{"@type":"BreadcrumbList","@id":"https:\/\/xn--chalet-nol-57a.fr\/index.php\/contact\/#breadcrumb","itemListElement":[{"@type":"ListItem","position":1,"name":"Accueil","item":"https:\/\/xn--chalet-nol-57a.fr\/"},{"@type":"ListItem","position":2,"name":"Nous contacter"}]}]}},"_links":{"self":[{"href":"https:\/\/xn--chalet-nol-57a.fr\/index.php\/wp-json\/wp\/v2\/pages\/2"}],"collection":[{"href":"https:\/\/xn--chalet-nol-57a.fr\/index.php\/wp-json\/wp\/v2\/pages"}],"about":[{"href":"https:\/\/xn--chalet-nol-57a.fr\/index.php\/wp-json\/wp\/v2\/types\/page"}],"author":[{"embeddable":true,"href":"https:\/\/xn--chalet-nol-57a.fr\/index.php\/wp-json\/wp\/v2\/users\/1"}],"replies":[{"embeddable":true,"href":"https:\/\/xn--chalet-nol-57a.fr\/index.php\/wp-json\/wp\/v2\/comments?post=2"}],"version-history":[{"count":71,"href":"https:\/\/xn--chalet-nol-57a.fr\/index.php\/wp-json\/wp\/v2\/pages\/2\/revisions"}],"predecessor-version":[{"id":950,"href":"https:\/\/xn--chalet-nol-57a.fr\/index.php\/wp-json\/wp\/v2\/pages\/2\/revisions\/950"}],"wp:attachment":[{"href":"https:\/\/xn--chalet-nol-57a.fr\/index.php\/wp-json\/wp\/v2\/media?parent=2"}],"curies":[{"name":"wp","href":"https:\/\/api.w.org\/{rel}","templated":true}]}}